{"id":1080,"date":"2022-09-29T05:47:32","date_gmt":"2022-09-29T03:47:32","guid":{"rendered":"https:\/\/katonareka.hu\/kontakt\/"},"modified":"2024-03-26T09:01:33","modified_gmt":"2024-03-26T08:01:33","slug":"kontakt","status":"publish","type":"page","link":"https:\/\/katonareka.hu\/de\/kontakt\/","title":{"rendered":"Kontakt"},"content":{"rendered":"\t\t<div data-elementor-type=\"wp-page\" data-elementor-id=\"1080\" class=\"elementor elementor-1080 elementor-173\" data-elementor-post-type=\"page\">\n\t\t\t\t<div class=\"elementor-element elementor-element-34e21f8 e-flex e-con-boxed e-con e-parent\" data-id=\"34e21f8\" data-element_type=\"container\" data-e-type=\"container\" data-settings=\"{&quot;background_background&quot;:&quot;classic&quot;}\">\n\t\t\t\t\t<div class=\"e-con-inner\">\n\t\t<div class=\"elementor-element elementor-element-62a13cc e-con-full e-flex e-con e-child\" data-id=\"62a13cc\" data-element_type=\"container\" data-e-type=\"container\" data-settings=\"{&quot;background_background&quot;:&quot;classic&quot;}\">\n\t\t\t\t<div class=\"elementor-element elementor-element-bebd03c elementor-widget elementor-widget-heading\" data-id=\"bebd03c\" data-element_type=\"widget\" data-e-type=\"widget\" data-widget_type=\"heading.default\">\n\t\t\t\t<div class=\"elementor-widget-container\">\n\t\t\t\t\t<h2 class=\"elementor-heading-title elementor-size-default\">Kontaktablauf<\/h2>\t\t\t\t<\/div>\n\t\t\t\t<\/div>\n\t\t\t\t<div class=\"elementor-element elementor-element-039528e elementor-widget elementor-widget-image\" data-id=\"039528e\" data-element_type=\"widget\" data-e-type=\"widget\" data-widget_type=\"image.default\">\n\t\t\t\t<div class=\"elementor-widget-container\">\n\t\t\t\t\t\t\t\t\t\t\t\t\t\t\t<img decoding=\"async\" width=\"352\" height=\"11\" src=\"https:\/\/katonareka.hu\/wp-content\/uploads\/2022\/09\/elvalaszto.png\" class=\"attachment-large size-large wp-image-475\" alt=\"\" srcset=\"https:\/\/katonareka.hu\/wp-content\/uploads\/2022\/09\/elvalaszto.png 352w, https:\/\/katonareka.hu\/wp-content\/uploads\/2022\/09\/elvalaszto-300x9.png 300w\" sizes=\"(max-width: 352px) 100vw, 352px\" \/>\t\t\t\t\t\t\t\t\t\t\t\t\t\t\t<\/div>\n\t\t\t\t<\/div>\n\t\t<div class=\"elementor-element elementor-element-b5d1c3c e-con-full e-flex e-con e-child\" data-id=\"b5d1c3c\" data-element_type=\"container\" data-e-type=\"container\">\n\t\t<div class=\"elementor-element elementor-element-2737659 e-con-full e-flex e-con e-child\" data-id=\"2737659\" data-element_type=\"container\" data-e-type=\"container\">\n\t\t\t\t<div class=\"elementor-element elementor-element-16ef613 elementor-widget elementor-widget-heading\" data-id=\"16ef613\" data-element_type=\"widget\" data-e-type=\"widget\" data-widget_type=\"heading.default\">\n\t\t\t\t<div class=\"elementor-widget-container\">\n\t\t\t\t\t<h2 class=\"elementor-heading-title elementor-size-default\">Formular ausf\u00fcllen<\/h2>\t\t\t\t<\/div>\n\t\t\t\t<\/div>\n\t\t\t\t<div class=\"elementor-element elementor-element-e99ab4a elementor-widget elementor-widget-text-editor\" data-id=\"e99ab4a\" data-element_type=\"widget\" data-e-type=\"widget\" data-widget_type=\"text-editor.default\">\n\t\t\t\t<div class=\"elementor-widget-container\">\n\t\t\t\t\t\t\t\t\t<p><span style=\"font-weight: 400;\">F\u00fclle das untenstehende Formular aus und wir setzen uns innerhalb von 3 Werktagen mit dir in Verbindung.<\/span><\/p>\n\t\t\t\t\t\t\t\t<\/div>\n\t\t\t\t<\/div>\n\t\t\t\t<\/div>\n\t\t<div class=\"elementor-element elementor-element-182075a e-con-full e-flex e-con e-child\" data-id=\"182075a\" data-element_type=\"container\" data-e-type=\"container\">\n\t\t\t\t<div class=\"elementor-element elementor-element-3ef0cc9 elementor-widget elementor-widget-heading\" data-id=\"3ef0cc9\" data-element_type=\"widget\" data-e-type=\"widget\" data-widget_type=\"heading.default\">\n\t\t\t\t<div class=\"elementor-widget-container\">\n\t\t\t\t\t<h2 class=\"elementor-heading-title elementor-size-default\">Abstimmung<\/h2>\t\t\t\t<\/div>\n\t\t\t\t<\/div>\n\t\t\t\t<div class=\"elementor-element elementor-element-8a21edb elementor-widget elementor-widget-text-editor\" data-id=\"8a21edb\" data-element_type=\"widget\" data-e-type=\"widget\" data-widget_type=\"text-editor.default\">\n\t\t\t\t<div class=\"elementor-widget-container\">\n\t\t\t\t\t\t\t\t\t<p><span style=\"font-weight: 400;\">Danach legen wir mit dir den Zeitpunkt und die Methode des Erstgespr\u00e4chs fest.<\/span><\/p>\n\t\t\t\t\t\t\t\t<\/div>\n\t\t\t\t<\/div>\n\t\t\t\t<\/div>\n\t\t\t\t<\/div>\n\t\t<div class=\"elementor-element elementor-element-a23ea04 e-flex e-con-boxed e-con e-child\" data-id=\"a23ea04\" data-element_type=\"container\" data-e-type=\"container\">\n\t\t\t\t\t<div class=\"e-con-inner\">\n\t\t<div class=\"elementor-element elementor-element-e25f604 e-con-full e-flex e-con e-child\" data-id=\"e25f604\" data-element_type=\"container\" data-e-type=\"container\">\n\t\t\t\t<div class=\"elementor-element elementor-element-ee036d6 elementor-widget elementor-widget-image\" data-id=\"ee036d6\" data-element_type=\"widget\" data-e-type=\"widget\" data-widget_type=\"image.default\">\n\t\t\t\t<div class=\"elementor-widget-container\">\n\t\t\t\t\t\t\t\t\t\t\t\t\t\t\t<img fetchpriority=\"high\" decoding=\"async\" width=\"682\" height=\"1024\" src=\"https:\/\/katonareka.hu\/wp-content\/uploads\/2022\/11\/Kapcsolat_menuponthoz-682x1024.png\" class=\"attachment-large size-large wp-image-827\" alt=\"\" srcset=\"https:\/\/katonareka.hu\/wp-content\/uploads\/2022\/11\/Kapcsolat_menuponthoz-682x1024.png 682w, https:\/\/katonareka.hu\/wp-content\/uploads\/2022\/11\/Kapcsolat_menuponthoz-200x300.png 200w, https:\/\/katonareka.hu\/wp-content\/uploads\/2022\/11\/Kapcsolat_menuponthoz-768x1153.png 768w, https:\/\/katonareka.hu\/wp-content\/uploads\/2022\/11\/Kapcsolat_menuponthoz.png 800w\" sizes=\"(max-width: 682px) 100vw, 682px\" \/>\t\t\t\t\t\t\t\t\t\t\t\t\t\t\t<\/div>\n\t\t\t\t<\/div>\n\t\t\t\t<\/div>\n\t\t<div class=\"elementor-element elementor-element-dad9a19 e-con-full e-flex e-con e-child\" data-id=\"dad9a19\" data-element_type=\"container\" data-e-type=\"container\">\n\t\t\t\t<div class=\"elementor-element elementor-element-ce8f18a elementor-widget elementor-widget-wpforms\" data-id=\"ce8f18a\" data-element_type=\"widget\" data-e-type=\"widget\" data-widget_type=\"wpforms.default\">\n\t\t\t\t<div class=\"elementor-widget-container\">\n\t\t\t\t\t<div class=\"wpforms-container wpforms-container-full\" id=\"wpforms-842\"><form id=\"wpforms-form-842\" class=\"wpforms-validate wpforms-form wpforms-ajax-form\" data-formid=\"842\" method=\"post\" enctype=\"multipart\/form-data\" action=\"\/de\/wp-json\/wp\/v2\/pages\/1080\" data-token=\"a10c66141a05587928cacd1e33b8ea6b\" data-token-time=\"1776964254\"><noscript class=\"wpforms-error-noscript\">Bitte aktiviere JavaScript in deinem Browser, um dieses Formular fertigzustellen.<\/noscript><div class=\"wpforms-field-container\"><div id=\"wpforms-842-field_0-container\" class=\"wpforms-field wpforms-field-name\" data-field-id=\"0\"><label class=\"wpforms-field-label\" for=\"wpforms-842-field_0\">Bitte gib mir deinen Namen <span class=\"wpforms-required-label\">*<\/span><\/label><input type=\"text\" id=\"wpforms-842-field_0\" class=\"wpforms-field-medium wpforms-field-required\" name=\"wpforms[fields][0]\" required><\/div><div id=\"wpforms-842-field_1-container\" class=\"wpforms-field wpforms-field-email\" data-field-id=\"1\"><label class=\"wpforms-field-label\" for=\"wpforms-842-field_1\">E-Mail <span class=\"wpforms-required-label\">*<\/span><\/label><input type=\"email\" id=\"wpforms-842-field_1\" class=\"wpforms-field-medium wpforms-field-required\" name=\"wpforms[fields][1]\" spellcheck=\"false\" required><\/div><div id=\"wpforms-842-field_4-container\" class=\"wpforms-field wpforms-field-text\" data-field-id=\"4\"><label class=\"wpforms-field-label\" for=\"wpforms-842-field_4\">Telefonnummer <span class=\"wpforms-required-label\">*<\/span><\/label><input type=\"text\" id=\"wpforms-842-field_4\" class=\"wpforms-field-medium wpforms-field-required\" name=\"wpforms[fields][4]\" required><\/div><div id=\"wpforms-842-field_2-container\" class=\"wpforms-field wpforms-field-textarea\" data-field-id=\"2\"><label class=\"wpforms-field-label\" for=\"wpforms-842-field_2\">In welcher Angelegenheit hast du mich kontaktiert? <span class=\"wpforms-required-label\">*<\/span><\/label><textarea id=\"wpforms-842-field_2\" class=\"wpforms-field-medium wpforms-field-required\" name=\"wpforms[fields][2]\" required><\/textarea><\/div><div id=\"wpforms-842-field_6-container\" class=\"wpforms-field wpforms-field-gdpr-checkbox\" data-field-id=\"6\"><label class=\"wpforms-field-label wpforms-label-hide\">GDPR Agreement <span class=\"wpforms-required-label\">*<\/span><\/label><ul id=\"wpforms-842-field_6\" class=\"wpforms-field-required\"><li class=\"choice-1\"><input type=\"checkbox\" id=\"wpforms-842-field_6_1\" name=\"wpforms[fields][6][]\" value=\"Ich habe die &lt;a href=&quot;https:\/\/katonareka.hu\/wp-content\/uploads\/2025\/08\/GDPR_KRUI_2022.11.23-1.pdf&quot;&gt;Datenschutzerkl\u00e4rung &lt;\/a&gt;gelesen und akzeptiere sie hiermit.\" required ><label class=\"wpforms-field-label-inline\" for=\"wpforms-842-field_6_1\">Ich habe die <a href=\"https:\/\/katonareka.hu\/wp-content\/uploads\/2025\/08\/GDPR_KRUI_2022.11.23-1.pdf\">Datenschutzerkl\u00e4rung <\/a>gelesen und akzeptiere sie hiermit. <span class=\"wpforms-required-label\">*<\/span><\/label><\/li><\/ul><\/div><\/div><!-- .wpforms-field-container --><div class=\"wpforms-submit-container\" ><input type=\"hidden\" name=\"wpforms[id]\" value=\"842\"><input type=\"hidden\" name=\"page_title\" value=\"\"><input type=\"hidden\" name=\"page_url\" value=\"https:\/\/katonareka.hu\/de\/wp-json\/wp\/v2\/pages\/1080\"><input type=\"hidden\" name=\"url_referer\" value=\"\"><button type=\"submit\" name=\"wpforms[submit]\" id=\"wpforms-submit-842\" class=\"wpforms-submit\" data-alt-text=\"Sendevorgang l\u00e4uft...\" data-submit-text=\"Nachricht senden\" aria-live=\"assertive\" value=\"wpforms-submit\">Nachricht senden<\/button><img decoding=\"async\" src=\"https:\/\/katonareka.hu\/wp-content\/plugins\/wpforms-lite\/assets\/images\/submit-spin.svg\" class=\"wpforms-submit-spinner\" style=\"display: none;\" width=\"26\" height=\"26\" alt=\"Wird geladen\"><\/div><\/form><\/div>  <!-- .wpforms-container -->\t\t\t\t<\/div>\n\t\t\t\t<\/div>\n\t\t\t\t<\/div>\n\t\t\t\t\t<\/div>\n\t\t\t\t<\/div>\n\t\t\t\t<\/div>\n\t\t\t\t\t<\/div>\n\t\t\t\t<\/div>\n\t\t\t\t<\/div>\n\t\t","protected":false},"excerpt":{"rendered":"<p>Kontaktablauf Formular ausf\u00fcllen F\u00fclle das untenstehende Formular aus und wir setzen uns innerhalb von 3 Werktagen mit dir in Verbindung. Abstimmung Danach legen wir mit dir den Zeitpunkt und die Methode des Erstgespr\u00e4chs fest. Bitte aktiviere JavaScript in deinem Browser, um dieses Formular fertigzustellen.Bitte gib mir deinen Namen *E-Mail-Adresse *Telefonnummer *In welcher Angelegenheit hast du [&hellip;]<\/p>\n","protected":false},"author":1,"featured_media":0,"parent":0,"menu_order":0,"comment_status":"closed","ping_status":"closed","template":"","meta":{"footnotes":""},"class_list":["post-1080","page","type-page","status-publish","hentry"],"yoast_head":"<!-- This site is optimized with the Yoast SEO plugin v27.4 - https:\/\/yoast.com\/product\/yoast-seo-wordpress\/ -->\n<title>Kontakt - Dr. Katona R\u00e9ka \u00dcgyv\u00e9di Iroda<\/title>\n<meta name=\"robots\" content=\"index, follow, max-snippet:-1, max-image-preview:large, max-video-preview:-1\" \/>\n<link rel=\"canonical\" href=\"https:\/\/katonareka.hu\/de\/kontakt\/\" \/>\n<meta property=\"og:locale\" content=\"de_DE\" \/>\n<meta property=\"og:type\" content=\"article\" \/>\n<meta property=\"og:title\" content=\"Kontakt - Dr. Katona R\u00e9ka \u00dcgyv\u00e9di Iroda\" \/>\n<meta property=\"og:description\" content=\"Kontaktablauf Formular ausf\u00fcllen F\u00fclle das untenstehende Formular aus und wir setzen uns innerhalb von 3 Werktagen mit dir in Verbindung. Abstimmung Danach legen wir mit dir den Zeitpunkt und die Methode des Erstgespr\u00e4chs fest. Bitte aktiviere JavaScript in deinem Browser, um dieses Formular fertigzustellen.Bitte gib mir deinen Namen *E-Mail-Adresse *Telefonnummer *In welcher Angelegenheit hast du [&hellip;]\" \/>\n<meta property=\"og:url\" content=\"https:\/\/katonareka.hu\/de\/kontakt\/\" \/>\n<meta property=\"og:site_name\" content=\"Dr. Katona R\u00e9ka \u00dcgyv\u00e9di Iroda\" \/>\n<meta property=\"article:modified_time\" content=\"2024-03-26T08:01:33+00:00\" \/>\n<meta property=\"og:image\" content=\"https:\/\/katonareka.hu\/wp-content\/uploads\/2022\/09\/elvalaszto.png\" \/>\n<meta name=\"twitter:card\" content=\"summary_large_image\" \/>\n<meta name=\"twitter:label1\" content=\"Gesch\u00e4tzte Lesezeit\" \/>\n\t<meta name=\"twitter:data1\" content=\"2\u00a0Minuten\" \/>\n<script type=\"application\/ld+json\" class=\"yoast-schema-graph\">{\"@context\":\"https:\\\/\\\/schema.org\",\"@graph\":[{\"@type\":\"WebPage\",\"@id\":\"https:\\\/\\\/katonareka.hu\\\/de\\\/kontakt\\\/\",\"url\":\"https:\\\/\\\/katonareka.hu\\\/de\\\/kontakt\\\/\",\"name\":\"Kontakt - Dr. Katona R\u00e9ka \u00dcgyv\u00e9di Iroda\",\"isPartOf\":{\"@id\":\"https:\\\/\\\/katonareka.hu\\\/de\\\/#website\"},\"primaryImageOfPage\":{\"@id\":\"https:\\\/\\\/katonareka.hu\\\/de\\\/kontakt\\\/#primaryimage\"},\"image\":{\"@id\":\"https:\\\/\\\/katonareka.hu\\\/de\\\/kontakt\\\/#primaryimage\"},\"thumbnailUrl\":\"https:\\\/\\\/katonareka.hu\\\/wp-content\\\/uploads\\\/2022\\\/09\\\/elvalaszto.png\",\"datePublished\":\"2022-09-29T03:47:32+00:00\",\"dateModified\":\"2024-03-26T08:01:33+00:00\",\"breadcrumb\":{\"@id\":\"https:\\\/\\\/katonareka.hu\\\/de\\\/kontakt\\\/#breadcrumb\"},\"inLanguage\":\"de\",\"potentialAction\":[{\"@type\":\"ReadAction\",\"target\":[\"https:\\\/\\\/katonareka.hu\\\/de\\\/kontakt\\\/\"]}]},{\"@type\":\"ImageObject\",\"inLanguage\":\"de\",\"@id\":\"https:\\\/\\\/katonareka.hu\\\/de\\\/kontakt\\\/#primaryimage\",\"url\":\"https:\\\/\\\/katonareka.hu\\\/wp-content\\\/uploads\\\/2022\\\/09\\\/elvalaszto.png\",\"contentUrl\":\"https:\\\/\\\/katonareka.hu\\\/wp-content\\\/uploads\\\/2022\\\/09\\\/elvalaszto.png\"},{\"@type\":\"BreadcrumbList\",\"@id\":\"https:\\\/\\\/katonareka.hu\\\/de\\\/kontakt\\\/#breadcrumb\",\"itemListElement\":[{\"@type\":\"ListItem\",\"position\":1,\"name\":\"Kezd\u0151lap\",\"item\":\"https:\\\/\\\/katonareka.hu\\\/de\\\/\"},{\"@type\":\"ListItem\",\"position\":2,\"name\":\"Kontakt\"}]},{\"@type\":\"WebSite\",\"@id\":\"https:\\\/\\\/katonareka.hu\\\/de\\\/#website\",\"url\":\"https:\\\/\\\/katonareka.hu\\\/de\\\/\",\"name\":\"Dr. Katona R\u00e9ka \u00dcgyv\u00e9di Iroda\",\"description\":\"Dr. Katona R\u00e9ka \u00fcgyv\u00e9d\",\"publisher\":{\"@id\":\"https:\\\/\\\/katonareka.hu\\\/de\\\/#organization\"},\"potentialAction\":[{\"@type\":\"SearchAction\",\"target\":{\"@type\":\"EntryPoint\",\"urlTemplate\":\"https:\\\/\\\/katonareka.hu\\\/de\\\/?s={search_term_string}\"},\"query-input\":{\"@type\":\"PropertyValueSpecification\",\"valueRequired\":true,\"valueName\":\"search_term_string\"}}],\"inLanguage\":\"de\"},{\"@type\":\"Organization\",\"@id\":\"https:\\\/\\\/katonareka.hu\\\/de\\\/#organization\",\"name\":\"Dr. Katona R\u00e9ka \u00dcgyv\u00e9di Iroda\",\"url\":\"https:\\\/\\\/katonareka.hu\\\/de\\\/\",\"logo\":{\"@type\":\"ImageObject\",\"inLanguage\":\"de\",\"@id\":\"https:\\\/\\\/katonareka.hu\\\/de\\\/#\\\/schema\\\/logo\\\/image\\\/\",\"url\":\"https:\\\/\\\/katonareka.hu\\\/wp-content\\\/uploads\\\/2022\\\/11\\\/logo_magyar_szines_2.png\",\"contentUrl\":\"https:\\\/\\\/katonareka.hu\\\/wp-content\\\/uploads\\\/2022\\\/11\\\/logo_magyar_szines_2.png\",\"width\":540,\"height\":100,\"caption\":\"Dr. Katona R\u00e9ka \u00dcgyv\u00e9di Iroda\"},\"image\":{\"@id\":\"https:\\\/\\\/katonareka.hu\\\/de\\\/#\\\/schema\\\/logo\\\/image\\\/\"}}]}<\/script>\n<!-- \/ Yoast SEO plugin. -->","yoast_head_json":{"title":"Kontakt - Dr. Katona R\u00e9ka \u00dcgyv\u00e9di Iroda","robots":{"index":"index","follow":"follow","max-snippet":"max-snippet:-1","max-image-preview":"max-image-preview:large","max-video-preview":"max-video-preview:-1"},"canonical":"https:\/\/katonareka.hu\/de\/kontakt\/","og_locale":"de_DE","og_type":"article","og_title":"Kontakt - Dr. Katona R\u00e9ka \u00dcgyv\u00e9di Iroda","og_description":"Kontaktablauf Formular ausf\u00fcllen F\u00fclle das untenstehende Formular aus und wir setzen uns innerhalb von 3 Werktagen mit dir in Verbindung. Abstimmung Danach legen wir mit dir den Zeitpunkt und die Methode des Erstgespr\u00e4chs fest. Bitte aktiviere JavaScript in deinem Browser, um dieses Formular fertigzustellen.Bitte gib mir deinen Namen *E-Mail-Adresse *Telefonnummer *In welcher Angelegenheit hast du [&hellip;]","og_url":"https:\/\/katonareka.hu\/de\/kontakt\/","og_site_name":"Dr. Katona R\u00e9ka \u00dcgyv\u00e9di Iroda","article_modified_time":"2024-03-26T08:01:33+00:00","og_image":[{"url":"https:\/\/katonareka.hu\/wp-content\/uploads\/2022\/09\/elvalaszto.png","type":"","width":"","height":""}],"twitter_card":"summary_large_image","twitter_misc":{"Gesch\u00e4tzte Lesezeit":"2\u00a0Minuten"},"schema":{"@context":"https:\/\/schema.org","@graph":[{"@type":"WebPage","@id":"https:\/\/katonareka.hu\/de\/kontakt\/","url":"https:\/\/katonareka.hu\/de\/kontakt\/","name":"Kontakt - Dr. Katona R\u00e9ka \u00dcgyv\u00e9di Iroda","isPartOf":{"@id":"https:\/\/katonareka.hu\/de\/#website"},"primaryImageOfPage":{"@id":"https:\/\/katonareka.hu\/de\/kontakt\/#primaryimage"},"image":{"@id":"https:\/\/katonareka.hu\/de\/kontakt\/#primaryimage"},"thumbnailUrl":"https:\/\/katonareka.hu\/wp-content\/uploads\/2022\/09\/elvalaszto.png","datePublished":"2022-09-29T03:47:32+00:00","dateModified":"2024-03-26T08:01:33+00:00","breadcrumb":{"@id":"https:\/\/katonareka.hu\/de\/kontakt\/#breadcrumb"},"inLanguage":"de","potentialAction":[{"@type":"ReadAction","target":["https:\/\/katonareka.hu\/de\/kontakt\/"]}]},{"@type":"ImageObject","inLanguage":"de","@id":"https:\/\/katonareka.hu\/de\/kontakt\/#primaryimage","url":"https:\/\/katonareka.hu\/wp-content\/uploads\/2022\/09\/elvalaszto.png","contentUrl":"https:\/\/katonareka.hu\/wp-content\/uploads\/2022\/09\/elvalaszto.png"},{"@type":"BreadcrumbList","@id":"https:\/\/katonareka.hu\/de\/kontakt\/#breadcrumb","itemListElement":[{"@type":"ListItem","position":1,"name":"Kezd\u0151lap","item":"https:\/\/katonareka.hu\/de\/"},{"@type":"ListItem","position":2,"name":"Kontakt"}]},{"@type":"WebSite","@id":"https:\/\/katonareka.hu\/de\/#website","url":"https:\/\/katonareka.hu\/de\/","name":"Dr. Katona R\u00e9ka \u00dcgyv\u00e9di Iroda","description":"Dr. Katona R\u00e9ka \u00fcgyv\u00e9d","publisher":{"@id":"https:\/\/katonareka.hu\/de\/#organization"},"potentialAction":[{"@type":"SearchAction","target":{"@type":"EntryPoint","urlTemplate":"https:\/\/katonareka.hu\/de\/?s={search_term_string}"},"query-input":{"@type":"PropertyValueSpecification","valueRequired":true,"valueName":"search_term_string"}}],"inLanguage":"de"},{"@type":"Organization","@id":"https:\/\/katonareka.hu\/de\/#organization","name":"Dr. Katona R\u00e9ka \u00dcgyv\u00e9di Iroda","url":"https:\/\/katonareka.hu\/de\/","logo":{"@type":"ImageObject","inLanguage":"de","@id":"https:\/\/katonareka.hu\/de\/#\/schema\/logo\/image\/","url":"https:\/\/katonareka.hu\/wp-content\/uploads\/2022\/11\/logo_magyar_szines_2.png","contentUrl":"https:\/\/katonareka.hu\/wp-content\/uploads\/2022\/11\/logo_magyar_szines_2.png","width":540,"height":100,"caption":"Dr. Katona R\u00e9ka \u00dcgyv\u00e9di Iroda"},"image":{"@id":"https:\/\/katonareka.hu\/de\/#\/schema\/logo\/image\/"}}]}},"_links":{"self":[{"href":"https:\/\/katonareka.hu\/de\/wp-json\/wp\/v2\/pages\/1080","targetHints":{"allow":["GET"]}}],"collection":[{"href":"https:\/\/katonareka.hu\/de\/wp-json\/wp\/v2\/pages"}],"about":[{"href":"https:\/\/katonareka.hu\/de\/wp-json\/wp\/v2\/types\/page"}],"author":[{"embeddable":true,"href":"https:\/\/katonareka.hu\/de\/wp-json\/wp\/v2\/users\/1"}],"replies":[{"embeddable":true,"href":"https:\/\/katonareka.hu\/de\/wp-json\/wp\/v2\/comments?post=1080"}],"version-history":[{"count":10,"href":"https:\/\/katonareka.hu\/de\/wp-json\/wp\/v2\/pages\/1080\/revisions"}],"predecessor-version":[{"id":1892,"href":"https:\/\/katonareka.hu\/de\/wp-json\/wp\/v2\/pages\/1080\/revisions\/1892"}],"wp:attachment":[{"href":"https:\/\/katonareka.hu\/de\/wp-json\/wp\/v2\/media?parent=1080"}],"curies":[{"name":"wp","href":"https:\/\/api.w.org\/{rel}","templated":true}]}}