{"id":549,"date":"2022-11-07T08:05:46","date_gmt":"2022-11-07T07:05:46","guid":{"rendered":"https:\/\/katonareka.hu\/impressum\/"},"modified":"2025-08-06T13:06:36","modified_gmt":"2025-08-06T11:06:36","slug":"impressum","status":"publish","type":"page","link":"https:\/\/katonareka.hu\/de\/impressum\/","title":{"rendered":"Impressum"},"content":{"rendered":"\t\t<div data-elementor-type=\"wp-page\" data-elementor-id=\"549\" class=\"elementor elementor-549 elementor-440\" data-elementor-post-type=\"page\">\n\t\t\t\t<div class=\"elementor-element elementor-element-dd235d1 e-flex e-con-boxed e-con e-parent\" data-id=\"dd235d1\" data-element_type=\"container\" data-e-type=\"container\">\n\t\t\t\t\t<div class=\"e-con-inner\">\n\t\t\t\t<div class=\"elementor-element elementor-element-6521e36 elementor-widget__width-inherit elementor-widget elementor-widget-heading\" data-id=\"6521e36\" data-element_type=\"widget\" data-e-type=\"widget\" data-widget_type=\"heading.default\">\n\t\t\t\t<div class=\"elementor-widget-container\">\n\t\t\t\t\t<h2 class=\"elementor-heading-title elementor-size-default\">Impressum<\/h2>\t\t\t\t<\/div>\n\t\t\t\t<\/div>\n\t\t<div class=\"elementor-element elementor-element-75f76d9 e-con-full e-flex e-con e-child\" data-id=\"75f76d9\" data-element_type=\"container\" data-e-type=\"container\">\n\t\t\t\t<div class=\"elementor-element elementor-element-fc10a52 elementor-widget__width-initial elementor-widget-mobile__width-inherit elementor-widget elementor-widget-text-editor\" data-id=\"fc10a52\" data-element_type=\"widget\" data-e-type=\"widget\" data-widget_type=\"text-editor.default\">\n\t\t\t\t<div class=\"elementor-widget-container\">\n\t\t\t\t\t\t\t\t\t<p><b>Angaben des Betreibers der Webseite:<\/b><\/p><p><span style=\"font-weight: 400;\">Name: Dr. R\u00e9ka Katona Rechtsanwaltskanzlei<\/span><\/p><p><span style=\"font-weight: 400;\">vertreten durch: dr. R\u00e9ka Katona, LL.M., leitende Rechtsanw\u00e4ltin<\/span><\/p><p><span style=\"font-weight: 400;\">Kammerregisternummer: 36062760<\/span><\/p><p><span style=\"font-weight: 400;\">Sitz: HU-1054 Budapest Bezirk V<b>.<\/b>, Szemere Stra\u00dfe 17. 1. Stock T\u00fcr- Nr. 4. <\/span><\/p><p><span style=\"font-weight: 400;\">Telefon: +36 30 45 777 42<\/span><\/p><p><span style=\"font-weight: 400;\">E-Mail: <\/span><a href=\"mailto:office@katonareka.hu\"><span style=\"font-weight: 400;\">office@katonareka.hu<\/span><\/a><\/p><p><span style=\"font-weight: 400;\">Registernummber: 5246<\/span><\/p><p><span style=\"font-weight: 400;\">Registriert beim: Budapester Rechtsanwaltskammer (<\/span><a href=\"http:\/\/www.bpugyvedikamara.hu\"><span style=\"font-weight: 400;\">www.bpugyvedikamara.hu<\/span><\/a><span style=\"font-weight: 400;\">)<\/span><\/p><p><span style=\"font-weight: 400;\">Verf\u00fcgbarkeit der Berufsregeln: Budapester Rechtsanwaltskammer (<\/span><a href=\"http:\/\/www.bpugyvedikamara.hu\"><span style=\"font-weight: 400;\">www.bpugyvedikamara.hu<\/span><\/a><span style=\"font-weight: 400;\">) und Ungarischer Rechtsanwaltskammer (<\/span><a href=\"http:\/\/www.m%C3%BCk.hu\"><span style=\"font-weight: 400;\">www.m\u00fck.hu<\/span><\/a><span style=\"font-weight: 400;\">)<\/span><\/p><p><span style=\"font-weight: 400;\">Steuernummer: 19344188-2-41<\/span><\/p><p><span style=\"font-weight: 400;\">USt-IdNr.: HU19344188<\/span><\/p><p><span style=\"font-weight: 400;\">Statistische Nummer: 19344188-6910-131-01<\/span><\/p><p><span style=\"font-weight: 400;\">Erreichbarkeit nach E-Verwaltungsgesetz: 19344188#cegkapu<\/span><\/p>\t\t\t\t\t\t\t\t<\/div>\n\t\t\t\t<\/div>\n\t\t\t\t<div class=\"elementor-element elementor-element-073b1e3 elementor-widget elementor-widget-text-editor\" data-id=\"073b1e3\" data-element_type=\"widget\" data-e-type=\"widget\" data-widget_type=\"text-editor.default\">\n\t\t\t\t<div class=\"elementor-widget-container\">\n\t\t\t\t\t\t\t\t\t<p><b>Daten des Speicherraum-Anbieters:<\/b><\/p><p><span style=\"font-weight: 400;\">Name: Sybell Informatika Korl\u00e1tolt Felel\u0151ss\u00e9g\u0171 T\u00e1rsas\u00e1g<\/span><\/p><p><span style=\"font-weight: 400;\">Sitz: HU-1138 Budapest, Tomori Stra\u00dfe 34. 2. Stock<\/span><\/p><p><span style=\"font-weight: 400;\">Handelsregisternummer: 01-09-293034<\/span><\/p><p><span style=\"font-weight: 400;\">Registriert beim: Handelsgericht des Hauptst\u00e4dtischen Gerichtshofs<\/span><\/p><p><span style=\"font-weight: 400;\">Steuernummer: 25859502-2-41<\/span><\/p><p><span style=\"font-weight: 400;\">Statistische Nummer: <span id=\"kshszam\">25859502-6310-113-01<\/span><\/span><\/p><p><span style=\"font-weight: 400;\">Erreichbarkeit: <\/span><a href=\"mailto:info@sybell.hu\"><span style=\"font-weight: 400;\">info@sybell.hu<\/span><\/a><\/p><p><b>Die Webseite wurde geplant und programmiert von:<\/b><span style=\"font-weight: 400;\"> Pagency (<\/span><a href=\"http:\/\/www.pagency.hu\"><span style=\"font-weight: 400;\">www.pagency.hu<\/span><\/a><span style=\"font-weight: 400;\">)<\/span><\/p><p><b>Fotos wurden gemacht von: <\/b><span style=\"font-weight: 400;\">Tam\u00e1s Zsolti (<\/span><a href=\"http:\/\/www.rpfoto.hu\"><span style=\"font-weight: 400;\">www.rpfoto.hu<\/span><\/a><span style=\"font-weight: 400;\">)<\/span><\/p>\t\t\t\t\t\t\t\t<\/div>\n\t\t\t\t<\/div>\n\t\t\t\t<\/div>\n\t\t\t\t<div class=\"elementor-element elementor-element-3140df4 elementor-align-left elementor-widget elementor-widget-button\" data-id=\"3140df4\" data-element_type=\"widget\" data-e-type=\"widget\" data-widget_type=\"button.default\">\n\t\t\t\t<div class=\"elementor-widget-container\">\n\t\t\t\t\t\t\t\t\t<div class=\"elementor-button-wrapper\">\n\t\t\t\t\t<a class=\"elementor-button elementor-button-link elementor-size-md\" href=\"https:\/\/katonareka.hu\/kapcsolat\/\">\n\t\t\t\t\t\t<span class=\"elementor-button-content-wrapper\">\n\t\t\t\t\t\t\t\t\t<span class=\"elementor-button-text\">Kontakt<\/span>\n\t\t\t\t\t<\/span>\n\t\t\t\t\t<\/a>\n\t\t\t\t<\/div>\n\t\t\t\t\t\t\t\t<\/div>\n\t\t\t\t<\/div>\n\t\t\t\t\t<\/div>\n\t\t\t\t<\/div>\n\t\t\t\t<\/div>\n\t\t","protected":false},"excerpt":{"rendered":"<p>Impressum Angaben des Betreibers der Webseite: Name: Dr. R\u00e9ka Katona Rechtsanwaltskanzlei vertreten durch: dr. R\u00e9ka Katona, LL.M., leitende Rechtsanw\u00e4ltin Kammerregisternummer: 36062760 Sitz: HU-1054 Budapest Bezirk V., Szemere Stra\u00dfe 17. 1. Stock T\u00fcr- Nr. 4. Telefon: +36 30 45 777 42 E-Mail: office@katonareka.hu Registernummber: 5246 Registriert beim: Budapester Rechtsanwaltskammer (www.bpugyvedikamara.hu) Verf\u00fcgbarkeit der Berufsregeln: Budapester Rechtsanwaltskammer (www.bpugyvedikamara.hu) [&hellip;]<\/p>\n","protected":false},"author":1,"featured_media":0,"parent":0,"menu_order":0,"comment_status":"closed","ping_status":"closed","template":"","meta":{"footnotes":""},"class_list":["post-549","page","type-page","status-publish","hentry"],"yoast_head":"<!-- This site is optimized with the Yoast SEO plugin v27.4 - https:\/\/yoast.com\/product\/yoast-seo-wordpress\/ -->\n<title>Impressum - Dr. Katona R\u00e9ka \u00dcgyv\u00e9di Iroda<\/title>\n<meta name=\"robots\" content=\"index, follow, max-snippet:-1, max-image-preview:large, max-video-preview:-1\" \/>\n<link rel=\"canonical\" href=\"https:\/\/katonareka.hu\/de\/impressum\/\" \/>\n<meta property=\"og:locale\" content=\"de_DE\" \/>\n<meta property=\"og:type\" content=\"article\" \/>\n<meta property=\"og:title\" content=\"Impressum - Dr. Katona R\u00e9ka \u00dcgyv\u00e9di Iroda\" \/>\n<meta property=\"og:description\" content=\"Impressum Angaben des Betreibers der Webseite: Name: Dr. R\u00e9ka Katona Rechtsanwaltskanzlei vertreten durch: dr. R\u00e9ka Katona, LL.M., leitende Rechtsanw\u00e4ltin Kammerregisternummer: 36062760 Sitz: HU-1054 Budapest Bezirk V., Szemere Stra\u00dfe 17. 1. Stock T\u00fcr- Nr. 4. Telefon: +36 30 45 777 42 E-Mail: office@katonareka.hu Registernummber: 5246 Registriert beim: Budapester Rechtsanwaltskammer (www.bpugyvedikamara.hu) Verf\u00fcgbarkeit der Berufsregeln: Budapester Rechtsanwaltskammer (www.bpugyvedikamara.hu) [&hellip;]\" \/>\n<meta property=\"og:url\" content=\"https:\/\/katonareka.hu\/de\/impressum\/\" \/>\n<meta property=\"og:site_name\" content=\"Dr. Katona R\u00e9ka \u00dcgyv\u00e9di Iroda\" \/>\n<meta property=\"article:modified_time\" content=\"2025-08-06T11:06:36+00:00\" \/>\n<meta name=\"twitter:card\" content=\"summary_large_image\" \/>\n<meta name=\"twitter:label1\" content=\"Gesch\u00e4tzte Lesezeit\" \/>\n\t<meta name=\"twitter:data1\" content=\"1\u00a0Minute\" \/>\n<script type=\"application\/ld+json\" class=\"yoast-schema-graph\">{\"@context\":\"https:\\\/\\\/schema.org\",\"@graph\":[{\"@type\":\"WebPage\",\"@id\":\"https:\\\/\\\/katonareka.hu\\\/de\\\/impressum\\\/\",\"url\":\"https:\\\/\\\/katonareka.hu\\\/de\\\/impressum\\\/\",\"name\":\"Impressum - Dr. Katona R\u00e9ka \u00dcgyv\u00e9di Iroda\",\"isPartOf\":{\"@id\":\"https:\\\/\\\/katonareka.hu\\\/de\\\/#website\"},\"datePublished\":\"2022-11-07T07:05:46+00:00\",\"dateModified\":\"2025-08-06T11:06:36+00:00\",\"breadcrumb\":{\"@id\":\"https:\\\/\\\/katonareka.hu\\\/de\\\/impressum\\\/#breadcrumb\"},\"inLanguage\":\"de\",\"potentialAction\":[{\"@type\":\"ReadAction\",\"target\":[\"https:\\\/\\\/katonareka.hu\\\/de\\\/impressum\\\/\"]}]},{\"@type\":\"BreadcrumbList\",\"@id\":\"https:\\\/\\\/katonareka.hu\\\/de\\\/impressum\\\/#breadcrumb\",\"itemListElement\":[{\"@type\":\"ListItem\",\"position\":1,\"name\":\"Kezd\u0151lap\",\"item\":\"https:\\\/\\\/katonareka.hu\\\/de\\\/\"},{\"@type\":\"ListItem\",\"position\":2,\"name\":\"Impressum\"}]},{\"@type\":\"WebSite\",\"@id\":\"https:\\\/\\\/katonareka.hu\\\/de\\\/#website\",\"url\":\"https:\\\/\\\/katonareka.hu\\\/de\\\/\",\"name\":\"Dr. Katona R\u00e9ka \u00dcgyv\u00e9di Iroda\",\"description\":\"Dr. Katona R\u00e9ka \u00fcgyv\u00e9d\",\"publisher\":{\"@id\":\"https:\\\/\\\/katonareka.hu\\\/de\\\/#organization\"},\"potentialAction\":[{\"@type\":\"SearchAction\",\"target\":{\"@type\":\"EntryPoint\",\"urlTemplate\":\"https:\\\/\\\/katonareka.hu\\\/de\\\/?s={search_term_string}\"},\"query-input\":{\"@type\":\"PropertyValueSpecification\",\"valueRequired\":true,\"valueName\":\"search_term_string\"}}],\"inLanguage\":\"de\"},{\"@type\":\"Organization\",\"@id\":\"https:\\\/\\\/katonareka.hu\\\/de\\\/#organization\",\"name\":\"Dr. Katona R\u00e9ka \u00dcgyv\u00e9di Iroda\",\"url\":\"https:\\\/\\\/katonareka.hu\\\/de\\\/\",\"logo\":{\"@type\":\"ImageObject\",\"inLanguage\":\"de\",\"@id\":\"https:\\\/\\\/katonareka.hu\\\/de\\\/#\\\/schema\\\/logo\\\/image\\\/\",\"url\":\"https:\\\/\\\/katonareka.hu\\\/wp-content\\\/uploads\\\/2022\\\/11\\\/logo_magyar_szines_2.png\",\"contentUrl\":\"https:\\\/\\\/katonareka.hu\\\/wp-content\\\/uploads\\\/2022\\\/11\\\/logo_magyar_szines_2.png\",\"width\":540,\"height\":100,\"caption\":\"Dr. Katona R\u00e9ka \u00dcgyv\u00e9di Iroda\"},\"image\":{\"@id\":\"https:\\\/\\\/katonareka.hu\\\/de\\\/#\\\/schema\\\/logo\\\/image\\\/\"}}]}<\/script>\n<!-- \/ Yoast SEO plugin. -->","yoast_head_json":{"title":"Impressum - Dr. Katona R\u00e9ka \u00dcgyv\u00e9di Iroda","robots":{"index":"index","follow":"follow","max-snippet":"max-snippet:-1","max-image-preview":"max-image-preview:large","max-video-preview":"max-video-preview:-1"},"canonical":"https:\/\/katonareka.hu\/de\/impressum\/","og_locale":"de_DE","og_type":"article","og_title":"Impressum - Dr. Katona R\u00e9ka \u00dcgyv\u00e9di Iroda","og_description":"Impressum Angaben des Betreibers der Webseite: Name: Dr. R\u00e9ka Katona Rechtsanwaltskanzlei vertreten durch: dr. R\u00e9ka Katona, LL.M., leitende Rechtsanw\u00e4ltin Kammerregisternummer: 36062760 Sitz: HU-1054 Budapest Bezirk V., Szemere Stra\u00dfe 17. 1. Stock T\u00fcr- Nr. 4. Telefon: +36 30 45 777 42 E-Mail: office@katonareka.hu Registernummber: 5246 Registriert beim: Budapester Rechtsanwaltskammer (www.bpugyvedikamara.hu) Verf\u00fcgbarkeit der Berufsregeln: Budapester Rechtsanwaltskammer (www.bpugyvedikamara.hu) [&hellip;]","og_url":"https:\/\/katonareka.hu\/de\/impressum\/","og_site_name":"Dr. Katona R\u00e9ka \u00dcgyv\u00e9di Iroda","article_modified_time":"2025-08-06T11:06:36+00:00","twitter_card":"summary_large_image","twitter_misc":{"Gesch\u00e4tzte Lesezeit":"1\u00a0Minute"},"schema":{"@context":"https:\/\/schema.org","@graph":[{"@type":"WebPage","@id":"https:\/\/katonareka.hu\/de\/impressum\/","url":"https:\/\/katonareka.hu\/de\/impressum\/","name":"Impressum - Dr. Katona R\u00e9ka \u00dcgyv\u00e9di Iroda","isPartOf":{"@id":"https:\/\/katonareka.hu\/de\/#website"},"datePublished":"2022-11-07T07:05:46+00:00","dateModified":"2025-08-06T11:06:36+00:00","breadcrumb":{"@id":"https:\/\/katonareka.hu\/de\/impressum\/#breadcrumb"},"inLanguage":"de","potentialAction":[{"@type":"ReadAction","target":["https:\/\/katonareka.hu\/de\/impressum\/"]}]},{"@type":"BreadcrumbList","@id":"https:\/\/katonareka.hu\/de\/impressum\/#breadcrumb","itemListElement":[{"@type":"ListItem","position":1,"name":"Kezd\u0151lap","item":"https:\/\/katonareka.hu\/de\/"},{"@type":"ListItem","position":2,"name":"Impressum"}]},{"@type":"WebSite","@id":"https:\/\/katonareka.hu\/de\/#website","url":"https:\/\/katonareka.hu\/de\/","name":"Dr. Katona R\u00e9ka \u00dcgyv\u00e9di Iroda","description":"Dr. Katona R\u00e9ka \u00fcgyv\u00e9d","publisher":{"@id":"https:\/\/katonareka.hu\/de\/#organization"},"potentialAction":[{"@type":"SearchAction","target":{"@type":"EntryPoint","urlTemplate":"https:\/\/katonareka.hu\/de\/?s={search_term_string}"},"query-input":{"@type":"PropertyValueSpecification","valueRequired":true,"valueName":"search_term_string"}}],"inLanguage":"de"},{"@type":"Organization","@id":"https:\/\/katonareka.hu\/de\/#organization","name":"Dr. Katona R\u00e9ka \u00dcgyv\u00e9di Iroda","url":"https:\/\/katonareka.hu\/de\/","logo":{"@type":"ImageObject","inLanguage":"de","@id":"https:\/\/katonareka.hu\/de\/#\/schema\/logo\/image\/","url":"https:\/\/katonareka.hu\/wp-content\/uploads\/2022\/11\/logo_magyar_szines_2.png","contentUrl":"https:\/\/katonareka.hu\/wp-content\/uploads\/2022\/11\/logo_magyar_szines_2.png","width":540,"height":100,"caption":"Dr. Katona R\u00e9ka \u00dcgyv\u00e9di Iroda"},"image":{"@id":"https:\/\/katonareka.hu\/de\/#\/schema\/logo\/image\/"}}]}},"_links":{"self":[{"href":"https:\/\/katonareka.hu\/de\/wp-json\/wp\/v2\/pages\/549","targetHints":{"allow":["GET"]}}],"collection":[{"href":"https:\/\/katonareka.hu\/de\/wp-json\/wp\/v2\/pages"}],"about":[{"href":"https:\/\/katonareka.hu\/de\/wp-json\/wp\/v2\/types\/page"}],"author":[{"embeddable":true,"href":"https:\/\/katonareka.hu\/de\/wp-json\/wp\/v2\/users\/1"}],"replies":[{"embeddable":true,"href":"https:\/\/katonareka.hu\/de\/wp-json\/wp\/v2\/comments?post=549"}],"version-history":[{"count":18,"href":"https:\/\/katonareka.hu\/de\/wp-json\/wp\/v2\/pages\/549\/revisions"}],"predecessor-version":[{"id":1996,"href":"https:\/\/katonareka.hu\/de\/wp-json\/wp\/v2\/pages\/549\/revisions\/1996"}],"wp:attachment":[{"href":"https:\/\/katonareka.hu\/de\/wp-json\/wp\/v2\/media?parent=549"}],"curies":[{"name":"wp","href":"https:\/\/api.w.org\/{rel}","templated":true}]}}