{"id":611,"date":"2022-10-30T13:40:05","date_gmt":"2022-10-30T12:40:05","guid":{"rendered":"https:\/\/katonareka.hu\/vorstellung\/"},"modified":"2023-10-27T07:45:58","modified_gmt":"2023-10-27T05:45:58","slug":"vorstellung","status":"publish","type":"page","link":"https:\/\/katonareka.hu\/de\/vorstellung\/","title":{"rendered":"Vorstellung"},"content":{"rendered":"\t\t<div data-elementor-type=\"wp-page\" data-elementor-id=\"611\" class=\"elementor elementor-611 elementor-313\" data-elementor-post-type=\"page\">\n\t\t\t\t<div class=\"elementor-element elementor-element-ecd700a e-flex e-con-boxed e-con e-parent\" data-id=\"ecd700a\" data-element_type=\"container\" data-e-type=\"container\">\n\t\t\t\t\t<div class=\"e-con-inner\">\n\t\t\t\t<div class=\"elementor-element elementor-element-669d0c4 elementor-widget__width-inherit elementor-widget elementor-widget-heading\" data-id=\"669d0c4\" data-element_type=\"widget\" data-e-type=\"widget\" data-widget_type=\"heading.default\">\n\t\t\t\t<div class=\"elementor-widget-container\">\n\t\t\t\t\t<h2 class=\"elementor-heading-title elementor-size-default\">Vorstellung<\/h2>\t\t\t\t<\/div>\n\t\t\t\t<\/div>\n\t\t<div class=\"elementor-element elementor-element-e0ff41e e-con-full e-flex e-con e-child\" data-id=\"e0ff41e\" data-element_type=\"container\" data-e-type=\"container\">\n\t\t\t\t<div class=\"elementor-element elementor-element-9942934 elementor-widget elementor-widget-image\" data-id=\"9942934\" data-element_type=\"widget\" data-e-type=\"widget\" data-widget_type=\"image.default\">\n\t\t\t\t<div class=\"elementor-widget-container\">\n\t\t\t\t\t\t\t\t\t\t\t\t\t\t\t<img fetchpriority=\"high\" decoding=\"async\" width=\"566\" height=\"1024\" src=\"https:\/\/katonareka.hu\/wp-content\/uploads\/2022\/11\/Bemutatkozom_menupontba2-566x1024.png\" class=\"attachment-large size-large wp-image-753\" alt=\"\" srcset=\"https:\/\/katonareka.hu\/wp-content\/uploads\/2022\/11\/Bemutatkozom_menupontba2-566x1024.png 566w, https:\/\/katonareka.hu\/wp-content\/uploads\/2022\/11\/Bemutatkozom_menupontba2-166x300.png 166w, https:\/\/katonareka.hu\/wp-content\/uploads\/2022\/11\/Bemutatkozom_menupontba2-768x1389.png 768w, https:\/\/katonareka.hu\/wp-content\/uploads\/2022\/11\/Bemutatkozom_menupontba2-849x1536.png 849w, https:\/\/katonareka.hu\/wp-content\/uploads\/2022\/11\/Bemutatkozom_menupontba2.png 901w\" sizes=\"(max-width: 566px) 100vw, 566px\" \/>\t\t\t\t\t\t\t\t\t\t\t\t\t\t\t<\/div>\n\t\t\t\t<\/div>\n\t\t\t\t<\/div>\n\t\t<div class=\"elementor-element elementor-element-7949a6b e-con-full e-flex e-con e-child\" data-id=\"7949a6b\" data-element_type=\"container\" data-e-type=\"container\">\n\t\t\t\t<div class=\"elementor-element elementor-element-3752b15 elementor-widget__width-inherit elementor-widget elementor-widget-heading\" data-id=\"3752b15\" data-element_type=\"widget\" data-e-type=\"widget\" data-widget_type=\"heading.default\">\n\t\t\t\t<div class=\"elementor-widget-container\">\n\t\t\t\t\t<h2 class=\"elementor-heading-title elementor-size-default\">Ich bin dr. R\u00e9ka Katona,<\/h2>\t\t\t\t<\/div>\n\t\t\t\t<\/div>\n\t\t\t\t<div class=\"elementor-element elementor-element-61ec1da elementor-widget elementor-widget-text-editor\" data-id=\"61ec1da\" data-element_type=\"widget\" data-e-type=\"widget\" data-widget_type=\"text-editor.default\">\n\t\t\t\t<div class=\"elementor-widget-container\">\n\t\t\t\t\t\t\t\t\t<p>Rechtsanw\u00e4ltin, Wirtschaftsjuristin mit europ\u00e4ischer und internationaler Ausrichtung.<\/p>\n\t\t\t\t\t\t\t\t<\/div>\n\t\t\t\t<\/div>\n\t\t\t\t<div class=\"elementor-element elementor-element-adb3fb2 elementor-widget elementor-widget-text-editor\" data-id=\"adb3fb2\" data-element_type=\"widget\" data-e-type=\"widget\" data-widget_type=\"text-editor.default\">\n\t\t\t\t<div class=\"elementor-widget-container\">\n\t\t\t\t\t\t\t\t\t<p><span style=\"font-weight: 400;\">Mein Abitur habe ich in der zweisprachigen Englisch-Ungarisch-Klasse des Varga-Katalin-Gymnasiums in Szolnok absolviert. Nach dem Abitur (2005) setzte ich mein Studium an der Juristischen Fakult\u00e4t der E\u00f6tv\u00f6s-Lor\u00e1nd-Universit\u00e4t Budapest fort, wo ich 2010 einen Abschluss in Rechtswissenschaften \u201ecum laude\u201c erhielt. W\u00e4hrend meiner Studienzeit nahm ich am Erasmus-Stipendienprogramm teil, sodass ich das Studienjahr 2008-2009 in W\u00fcrzburg,<\/span> <span style=\"font-weight: 400;\">Deutschland, an der Juristischen Fakult\u00e4t der Bayerischen Julius-Maximilians-Universit\u00e4t W\u00fcrzburg verbringen konnte. Ich habe die Zweite Juristische Staatspr\u00fcfung im Jahr 2014 bestanden und den Anwaltseid am 27. August 2014 abgelegt, seitdem bin ich Mitglied der Budapester Rechtsanwaltskammer. In den Jahren 2015-2016 trat ich erneut dem ELTE-\u00c1JK-Auditorium bei und erwarb einen Master-Abschluss in europ\u00e4ischem und internationalem Wirtschaftsrecht. 2016 hat mich die Ungarische Rechtsanwaltskammer unter ungarischen Rechtsanw\u00e4lten f\u00fcr einen 6-w\u00f6chigen Hospitation in Deutschland bei einer deutschen Anwaltskanzlei ausgew\u00e4hlt \u2013 so konnte ich auch in diesem Bereich Erfahrungen sammeln.<\/span><\/p>\n\t\t\t\t\t\t\t\t<\/div>\n\t\t\t\t<\/div>\n\t\t\t\t<div class=\"elementor-element elementor-element-4c9ffc5 elementor-widget elementor-widget-text-editor\" data-id=\"4c9ffc5\" data-element_type=\"widget\" data-e-type=\"widget\" data-widget_type=\"text-editor.default\">\n\t\t\t\t<div class=\"elementor-widget-container\">\n\t\t\t\t\t\t\t\t\t<p>Nach Jahren als Rechtsreferendarin und Rechtsanw\u00e4ltin bei internationalen Rechtsanwaltskanzleien habe ich am 2. September 2022 meine eigene Rechtsanwaltskanzlei gegr\u00fcndet. <\/p>\n<p>W\u00e4hrend meines Studiums hatte ich immer vor Augen, als B\u00fcrgerin eines kleinen europ\u00e4ischen Landes mehrere Fremdsprachen zu lernen. Ich verf\u00fcge \u00fcber fortgeschrittene Sprachkenntnisse in Englisch und Deutsch, sodass meine Kanzlei dir professionelle juristische Dienstleistungen im Bereich des ungarischen und EU-Rechts in drei Sprachen anbieten kann.<\/p>\n<p>Mit der Digitalisierung streitiger und nicht streitiger Verfahren haben sich auch die juristischen Dienstleistungen beschleunigt. Ich kann mit gutem Gewissen sagen, dass das Adjektiv <span style=\"font-weight: 400;\">\u201eAnw\u00e4ltin der<\/span> <span style=\"font-weight: 400;\">Zukunft\u201c<\/span> perfekt zu mir und meiner Kanzlei passt, da ich bereits einer Generation angeh\u00f6re, die mit der digitalen Entwicklung Schritt h\u00e4lt. Deshalb bin ich flexibel: wenn du dich pers\u00f6nlich beraten lassen m\u00f6chtest, wartet der Besprechungsraum meiner Anwaltskanzlei im Bezirk V von Budapest auf dich, und wenn du eine Rechtsberatung oder Online- Dokumentenbearbeitung vor deinem Computer w\u00fcnschst, k\u00f6nnen wir dies auch per Videokonferenz und Videoidentifizierungsverfahren l\u00f6sen.<\/p>\n<p>Eine ausf\u00fchrlichere Beschreibung meines beruflichen Werdegangs findest du auf meinem Linked-In-Profil: <a href=\"https:\/\/hu.linkedin.com\/in\/reka-katona-dr\">https:\/\/hu.linkedin.com\/in\/reka-katona-dr<\/a><\/p>\n\t\t\t\t\t\t\t\t<\/div>\n\t\t\t\t<\/div>\n\t\t\t\t<\/div>\n\t\t\t\t<div class=\"elementor-element elementor-element-d562351 elementor-align-center elementor-widget elementor-widget-button\" data-id=\"d562351\" data-element_type=\"widget\" data-e-type=\"widget\" data-widget_type=\"button.default\">\n\t\t\t\t<div class=\"elementor-widget-container\">\n\t\t\t\t\t\t\t\t\t<div class=\"elementor-button-wrapper\">\n\t\t\t\t\t<a class=\"elementor-button elementor-button-link elementor-size-md\" href=\"https:\/\/katonareka.hu\/de\/kontakt\/\">\n\t\t\t\t\t\t<span class=\"elementor-button-content-wrapper\">\n\t\t\t\t\t\t\t\t\t<span class=\"elementor-button-text\">Kontakt<\/span>\n\t\t\t\t\t<\/span>\n\t\t\t\t\t<\/a>\n\t\t\t\t<\/div>\n\t\t\t\t\t\t\t\t<\/div>\n\t\t\t\t<\/div>\n\t\t\t\t\t<\/div>\n\t\t\t\t<\/div>\n\t\t<div class=\"elementor-element elementor-element-24c00a2 e-flex e-con-boxed e-con e-parent\" data-id=\"24c00a2\" data-element_type=\"container\" data-e-type=\"container\">\n\t\t\t\t\t<div class=\"e-con-inner\">\n\t\t<div class=\"elementor-element elementor-element-246f279 e-con-full e-flex e-con e-child\" data-id=\"246f279\" data-element_type=\"container\" data-e-type=\"container\">\n\t\t\t\t<div class=\"elementor-element elementor-element-b33ec87 elementor-widget-laptop__width-initial elementor-widget__width-inherit elementor-widget elementor-widget-text-editor\" data-id=\"b33ec87\" data-element_type=\"widget\" data-e-type=\"widget\" data-widget_type=\"text-editor.default\">\n\t\t\t\t<div class=\"elementor-widget-container\">\n\t\t\t\t\t\t\t\t\t<h2><strong>Meine Kooperationspartnerin,<\/strong><\/h2>\n<p>mit der wir zusammenarbeiten, um unseren Mandanten Dienstleisungen auf die h\u00f6chste Qualit\u00e4t zu bieten, und die auch meine Stellvertreteranw\u00e4ltin gem\u00e4\u00df \u00a7 17 des Gesetzes Nr. LXXVIII von 2017 \u00fcber die Rechtsanwaltst\u00e4tigkeit ist:<br><\/p>\n<h3><strong>Dr. M\u00e1ria M\u00e9sz\u00e1ros Rechtsanw\u00e4ltin<\/strong><\/h3>\n<h3><strong>Dr. M\u00e1ria M\u00e9sz\u00e1ros Rechtsanwaltskanzlei<br><\/strong><\/h3>\t\t\t\t\t\t\t\t<\/div>\n\t\t\t\t<\/div>\n\t\t\t\t<div class=\"elementor-element elementor-element-37df681 elementor-widget-laptop__width-initial elementor-widget elementor-widget-text-editor\" data-id=\"37df681\" data-element_type=\"widget\" data-e-type=\"widget\" data-widget_type=\"text-editor.default\">\n\t\t\t\t<div class=\"elementor-widget-container\">\n\t\t\t\t\t\t\t\t\t<p>Gesprochene Fremdsprache: Englisch<\/p>\n<p>T\u00e4tigkeitsbereiche: Wirtschaftsstrafrecht, Immobilienrecht, Gesellschaftsrecht, Schadenmanagement, Nachlassangelegenheiten, Prozessf\u00fchrung und au\u00dfergerichtliche Vertretung, Vollstreckung.<br><\/p>\t\t\t\t\t\t\t\t<\/div>\n\t\t\t\t<\/div>\n\t\t\t\t<div class=\"elementor-element elementor-element-efbac9a elementor-icon-list--layout-inline elementor-align-center elementor-widget-laptop__width-initial elementor-widget__width-inherit elementor-widget-mobile__width-initial elementor-list-item-link-full_width elementor-widget elementor-widget-icon-list\" data-id=\"efbac9a\" data-element_type=\"widget\" data-e-type=\"widget\" data-widget_type=\"icon-list.default\">\n\t\t\t\t<div class=\"elementor-widget-container\">\n\t\t\t\t\t\t\t<ul class=\"elementor-icon-list-items elementor-inline-items\">\n\t\t\t\t\t\t\t<li class=\"elementor-icon-list-item elementor-inline-item\">\n\t\t\t\t\t\t\t\t\t\t\t<span class=\"elementor-icon-list-icon\">\n\t\t\t\t\t\t\t<i aria-hidden=\"true\" class=\"fas fa-phone-alt\"><\/i>\t\t\t\t\t\t<\/span>\n\t\t\t\t\t\t\t\t\t\t<span class=\"elementor-icon-list-text\">+36 30 799 9553<\/span>\n\t\t\t\t\t\t\t\t\t<\/li>\n\t\t\t\t\t\t\t\t<li class=\"elementor-icon-list-item elementor-inline-item\">\n\t\t\t\t\t\t\t\t\t\t\t<a href=\"mailto:info@mmlegal.hu\">\n\n\t\t\t\t\t\t\t\t\t\t\t\t<span class=\"elementor-icon-list-icon\">\n\t\t\t\t\t\t\t<i aria-hidden=\"true\" class=\"fas fa-envelope\"><\/i>\t\t\t\t\t\t<\/span>\n\t\t\t\t\t\t\t\t\t\t<span class=\"elementor-icon-list-text\">info@mmlegal.hu<\/span>\n\t\t\t\t\t\t\t\t\t\t\t<\/a>\n\t\t\t\t\t\t\t\t\t<\/li>\n\t\t\t\t\t\t\t\t<li class=\"elementor-icon-list-item elementor-inline-item\">\n\t\t\t\t\t\t\t\t\t\t\t<a href=\"https:\/\/mmlegal.hu\/en\/\" target=\"_blank\">\n\n\t\t\t\t\t\t\t\t\t\t\t\t<span class=\"elementor-icon-list-icon\">\n\t\t\t\t\t\t\t<i aria-hidden=\"true\" class=\"fab fa-internet-explorer\"><\/i>\t\t\t\t\t\t<\/span>\n\t\t\t\t\t\t\t\t\t\t<span class=\"elementor-icon-list-text\">www.mmlegal.hu<\/span>\n\t\t\t\t\t\t\t\t\t\t\t<\/a>\n\t\t\t\t\t\t\t\t\t<\/li>\n\t\t\t\t\t\t\t\t<li class=\"elementor-icon-list-item elementor-inline-item\">\n\t\t\t\t\t\t\t\t\t\t\t<span class=\"elementor-icon-list-icon\">\n\t\t\t\t\t\t\t<i aria-hidden=\"true\" class=\"fas fa-map-marker-alt\"><\/i>\t\t\t\t\t\t<\/span>\n\t\t\t\t\t\t\t\t\t\t<span class=\"elementor-icon-list-text\">HU-1054 Budapest, Szemere Stra\u00dfe 17. 1. Stock T\u00fcr-Nr. 4.<\/span>\n\t\t\t\t\t\t\t\t\t<\/li>\n\t\t\t\t\t\t<\/ul>\n\t\t\t\t\t\t<\/div>\n\t\t\t\t<\/div>\n\t\t\t\t<\/div>\n\t\t<div class=\"elementor-element elementor-element-f02852f e-con-full e-flex e-con e-child\" data-id=\"f02852f\" data-element_type=\"container\" data-e-type=\"container\">\n\t\t\t\t<div class=\"elementor-element elementor-element-9464c35 elementor-widget elementor-widget-image\" data-id=\"9464c35\" data-element_type=\"widget\" data-e-type=\"widget\" data-widget_type=\"image.default\">\n\t\t\t\t<div class=\"elementor-widget-container\">\n\t\t\t\t\t\t\t\t\t\t\t\t\t\t\t\t<a href=\"https:\/\/mmlegal.hu\/en\/introduction\/\">\n\t\t\t\t\t\t\t<img decoding=\"async\" width=\"800\" height=\"533\" src=\"https:\/\/katonareka.hu\/wp-content\/uploads\/2023\/03\/MMLEGAL1-2-1024x682.jpg\" class=\"attachment-large size-large wp-image-1599\" alt=\"\" srcset=\"https:\/\/katonareka.hu\/wp-content\/uploads\/2023\/03\/MMLEGAL1-2-1024x682.jpg 1024w, https:\/\/katonareka.hu\/wp-content\/uploads\/2023\/03\/MMLEGAL1-2-300x200.jpg 300w, https:\/\/katonareka.hu\/wp-content\/uploads\/2023\/03\/MMLEGAL1-2-768x511.jpg 768w, https:\/\/katonareka.hu\/wp-content\/uploads\/2023\/03\/MMLEGAL1-2-1536x1022.jpg 1536w, https:\/\/katonareka.hu\/wp-content\/uploads\/2023\/03\/MMLEGAL1-2-2048x1363.jpg 2048w\" sizes=\"(max-width: 800px) 100vw, 800px\" \/>\t\t\t\t\t\t\t\t<\/a>\n\t\t\t\t\t\t\t\t\t\t\t\t\t\t\t<\/div>\n\t\t\t\t<\/div>\n\t\t\t\t<\/div>\n\t\t\t\t\t<\/div>\n\t\t\t\t<\/div>\n\t\t\t\t<\/div>\n\t\t","protected":false},"excerpt":{"rendered":"<p>Vorstellung Ich bin dr. R\u00e9ka Katona, Rechtsanw\u00e4ltin, Wirtschaftsjuristin mit europ\u00e4ischer und internationaler Ausrichtung. Mein Abitur habe ich in der zweisprachigen Englisch-Ungarisch-Klasse des Varga-Katalin-Gymnasiums in Szolnok absolviert. Nach dem Abitur (2005) setzte ich mein Studium an der Juristischen Fakult\u00e4t der E\u00f6tv\u00f6s-Lor\u00e1nd-Universit\u00e4t Budapest fort, wo ich 2010 einen Abschluss in Rechtswissenschaften \u201ecum laude\u201c erhielt. W\u00e4hrend meiner Studienzeit [&hellip;]<\/p>\n","protected":false},"author":1,"featured_media":1094,"parent":0,"menu_order":0,"comment_status":"closed","ping_status":"closed","template":"","meta":{"footnotes":""},"class_list":["post-611","page","type-page","status-publish","has-post-thumbnail","hentry"],"yoast_head":"<!-- This site is optimized with the Yoast SEO plugin v27.4 - https:\/\/yoast.com\/product\/yoast-seo-wordpress\/ -->\n<title>Vorstellung - Dr. Katona R\u00e9ka \u00dcgyv\u00e9di Iroda<\/title>\n<meta name=\"description\" content=\"Auf dem Gebiet des Wirtschaftsrechts biete ich ungarischen und ausl\u00e4ndischen Unternehmen und Privatpersonen innerhalb kurzer Zeit eine helfende Hand bei Rechtsstreitigkeiten, Gerichtsverfahren und allt\u00e4glichen Rechtsrecherchen und -Transaktionen.\" \/>\n<meta name=\"robots\" content=\"index, follow, max-snippet:-1, max-image-preview:large, max-video-preview:-1\" \/>\n<link rel=\"canonical\" href=\"https:\/\/katonareka.hu\/de\/vorstellung\/\" \/>\n<meta property=\"og:locale\" content=\"de_DE\" \/>\n<meta property=\"og:type\" content=\"article\" \/>\n<meta property=\"og:title\" content=\"Dr. Katona R\u00e9ka\" \/>\n<meta property=\"og:description\" content=\"Rechtsanw\u00e4ltin, Wirtschaftsjuristin mit europ\u00e4ischer und internationaler Ausrichtung.\" \/>\n<meta property=\"og:url\" content=\"https:\/\/katonareka.hu\/de\/vorstellung\/\" \/>\n<meta property=\"og:site_name\" content=\"Dr. Katona R\u00e9ka \u00dcgyv\u00e9di Iroda\" \/>\n<meta property=\"article:modified_time\" content=\"2023-10-27T05:45:58+00:00\" \/>\n<meta property=\"og:image\" content=\"https:\/\/katonareka.hu\/wp-content\/uploads\/2022\/11\/reka_kiemelt-kep.png\" \/>\n<meta name=\"twitter:card\" content=\"summary_large_image\" \/>\n<meta name=\"twitter:label1\" content=\"Gesch\u00e4tzte Lesezeit\" \/>\n\t<meta name=\"twitter:data1\" content=\"3\u00a0Minuten\" \/>\n<script type=\"application\/ld+json\" class=\"yoast-schema-graph\">{\"@context\":\"https:\\\/\\\/schema.org\",\"@graph\":[{\"@type\":\"WebPage\",\"@id\":\"https:\\\/\\\/katonareka.hu\\\/de\\\/vorstellung\\\/\",\"url\":\"https:\\\/\\\/katonareka.hu\\\/de\\\/vorstellung\\\/\",\"name\":\"Vorstellung - Dr. Katona R\u00e9ka \u00dcgyv\u00e9di Iroda\",\"isPartOf\":{\"@id\":\"https:\\\/\\\/katonareka.hu\\\/de\\\/#website\"},\"primaryImageOfPage\":{\"@id\":\"https:\\\/\\\/katonareka.hu\\\/de\\\/vorstellung\\\/#primaryimage\"},\"image\":{\"@id\":\"https:\\\/\\\/katonareka.hu\\\/de\\\/vorstellung\\\/#primaryimage\"},\"thumbnailUrl\":\"https:\\\/\\\/katonareka.hu\\\/wp-content\\\/uploads\\\/2022\\\/11\\\/reka_kiemelt-kep.png\",\"datePublished\":\"2022-10-30T12:40:05+00:00\",\"dateModified\":\"2023-10-27T05:45:58+00:00\",\"description\":\"Auf dem Gebiet des Wirtschaftsrechts biete ich ungarischen und ausl\u00e4ndischen Unternehmen und Privatpersonen innerhalb kurzer Zeit eine helfende Hand bei Rechtsstreitigkeiten, Gerichtsverfahren und allt\u00e4glichen Rechtsrecherchen und -Transaktionen.\",\"breadcrumb\":{\"@id\":\"https:\\\/\\\/katonareka.hu\\\/de\\\/vorstellung\\\/#breadcrumb\"},\"inLanguage\":\"de\",\"potentialAction\":[{\"@type\":\"ReadAction\",\"target\":[\"https:\\\/\\\/katonareka.hu\\\/de\\\/vorstellung\\\/\"]}]},{\"@type\":\"ImageObject\",\"inLanguage\":\"de\",\"@id\":\"https:\\\/\\\/katonareka.hu\\\/de\\\/vorstellung\\\/#primaryimage\",\"url\":\"https:\\\/\\\/katonareka.hu\\\/wp-content\\\/uploads\\\/2022\\\/11\\\/reka_kiemelt-kep.png\",\"contentUrl\":\"https:\\\/\\\/katonareka.hu\\\/wp-content\\\/uploads\\\/2022\\\/11\\\/reka_kiemelt-kep.png\",\"width\":767,\"height\":401},{\"@type\":\"BreadcrumbList\",\"@id\":\"https:\\\/\\\/katonareka.hu\\\/de\\\/vorstellung\\\/#breadcrumb\",\"itemListElement\":[{\"@type\":\"ListItem\",\"position\":1,\"name\":\"Kezd\u0151lap\",\"item\":\"https:\\\/\\\/katonareka.hu\\\/de\\\/\"},{\"@type\":\"ListItem\",\"position\":2,\"name\":\"Vorstellung\"}]},{\"@type\":\"WebSite\",\"@id\":\"https:\\\/\\\/katonareka.hu\\\/de\\\/#website\",\"url\":\"https:\\\/\\\/katonareka.hu\\\/de\\\/\",\"name\":\"Dr. Katona R\u00e9ka \u00dcgyv\u00e9di Iroda\",\"description\":\"Dr. Katona R\u00e9ka \u00fcgyv\u00e9d\",\"publisher\":{\"@id\":\"https:\\\/\\\/katonareka.hu\\\/de\\\/#organization\"},\"potentialAction\":[{\"@type\":\"SearchAction\",\"target\":{\"@type\":\"EntryPoint\",\"urlTemplate\":\"https:\\\/\\\/katonareka.hu\\\/de\\\/?s={search_term_string}\"},\"query-input\":{\"@type\":\"PropertyValueSpecification\",\"valueRequired\":true,\"valueName\":\"search_term_string\"}}],\"inLanguage\":\"de\"},{\"@type\":\"Organization\",\"@id\":\"https:\\\/\\\/katonareka.hu\\\/de\\\/#organization\",\"name\":\"Dr. Katona R\u00e9ka \u00dcgyv\u00e9di Iroda\",\"url\":\"https:\\\/\\\/katonareka.hu\\\/de\\\/\",\"logo\":{\"@type\":\"ImageObject\",\"inLanguage\":\"de\",\"@id\":\"https:\\\/\\\/katonareka.hu\\\/de\\\/#\\\/schema\\\/logo\\\/image\\\/\",\"url\":\"https:\\\/\\\/katonareka.hu\\\/wp-content\\\/uploads\\\/2022\\\/11\\\/logo_magyar_szines_2.png\",\"contentUrl\":\"https:\\\/\\\/katonareka.hu\\\/wp-content\\\/uploads\\\/2022\\\/11\\\/logo_magyar_szines_2.png\",\"width\":540,\"height\":100,\"caption\":\"Dr. Katona R\u00e9ka \u00dcgyv\u00e9di Iroda\"},\"image\":{\"@id\":\"https:\\\/\\\/katonareka.hu\\\/de\\\/#\\\/schema\\\/logo\\\/image\\\/\"}}]}<\/script>\n<!-- \/ Yoast SEO plugin. -->","yoast_head_json":{"title":"Vorstellung - Dr. Katona R\u00e9ka \u00dcgyv\u00e9di Iroda","description":"Auf dem Gebiet des Wirtschaftsrechts biete ich ungarischen und ausl\u00e4ndischen Unternehmen und Privatpersonen innerhalb kurzer Zeit eine helfende Hand bei Rechtsstreitigkeiten, Gerichtsverfahren und allt\u00e4glichen Rechtsrecherchen und -Transaktionen.","robots":{"index":"index","follow":"follow","max-snippet":"max-snippet:-1","max-image-preview":"max-image-preview:large","max-video-preview":"max-video-preview:-1"},"canonical":"https:\/\/katonareka.hu\/de\/vorstellung\/","og_locale":"de_DE","og_type":"article","og_title":"Dr. Katona R\u00e9ka","og_description":"Rechtsanw\u00e4ltin, Wirtschaftsjuristin mit europ\u00e4ischer und internationaler Ausrichtung.","og_url":"https:\/\/katonareka.hu\/de\/vorstellung\/","og_site_name":"Dr. Katona R\u00e9ka \u00dcgyv\u00e9di Iroda","article_modified_time":"2023-10-27T05:45:58+00:00","og_image":[{"url":"https:\/\/katonareka.hu\/wp-content\/uploads\/2022\/11\/reka_kiemelt-kep.png","type":"","width":"","height":""}],"twitter_card":"summary_large_image","twitter_misc":{"Gesch\u00e4tzte Lesezeit":"3\u00a0Minuten"},"schema":{"@context":"https:\/\/schema.org","@graph":[{"@type":"WebPage","@id":"https:\/\/katonareka.hu\/de\/vorstellung\/","url":"https:\/\/katonareka.hu\/de\/vorstellung\/","name":"Vorstellung - Dr. Katona R\u00e9ka \u00dcgyv\u00e9di Iroda","isPartOf":{"@id":"https:\/\/katonareka.hu\/de\/#website"},"primaryImageOfPage":{"@id":"https:\/\/katonareka.hu\/de\/vorstellung\/#primaryimage"},"image":{"@id":"https:\/\/katonareka.hu\/de\/vorstellung\/#primaryimage"},"thumbnailUrl":"https:\/\/katonareka.hu\/wp-content\/uploads\/2022\/11\/reka_kiemelt-kep.png","datePublished":"2022-10-30T12:40:05+00:00","dateModified":"2023-10-27T05:45:58+00:00","description":"Auf dem Gebiet des Wirtschaftsrechts biete ich ungarischen und ausl\u00e4ndischen Unternehmen und Privatpersonen innerhalb kurzer Zeit eine helfende Hand bei Rechtsstreitigkeiten, Gerichtsverfahren und allt\u00e4glichen Rechtsrecherchen und -Transaktionen.","breadcrumb":{"@id":"https:\/\/katonareka.hu\/de\/vorstellung\/#breadcrumb"},"inLanguage":"de","potentialAction":[{"@type":"ReadAction","target":["https:\/\/katonareka.hu\/de\/vorstellung\/"]}]},{"@type":"ImageObject","inLanguage":"de","@id":"https:\/\/katonareka.hu\/de\/vorstellung\/#primaryimage","url":"https:\/\/katonareka.hu\/wp-content\/uploads\/2022\/11\/reka_kiemelt-kep.png","contentUrl":"https:\/\/katonareka.hu\/wp-content\/uploads\/2022\/11\/reka_kiemelt-kep.png","width":767,"height":401},{"@type":"BreadcrumbList","@id":"https:\/\/katonareka.hu\/de\/vorstellung\/#breadcrumb","itemListElement":[{"@type":"ListItem","position":1,"name":"Kezd\u0151lap","item":"https:\/\/katonareka.hu\/de\/"},{"@type":"ListItem","position":2,"name":"Vorstellung"}]},{"@type":"WebSite","@id":"https:\/\/katonareka.hu\/de\/#website","url":"https:\/\/katonareka.hu\/de\/","name":"Dr. Katona R\u00e9ka \u00dcgyv\u00e9di Iroda","description":"Dr. Katona R\u00e9ka \u00fcgyv\u00e9d","publisher":{"@id":"https:\/\/katonareka.hu\/de\/#organization"},"potentialAction":[{"@type":"SearchAction","target":{"@type":"EntryPoint","urlTemplate":"https:\/\/katonareka.hu\/de\/?s={search_term_string}"},"query-input":{"@type":"PropertyValueSpecification","valueRequired":true,"valueName":"search_term_string"}}],"inLanguage":"de"},{"@type":"Organization","@id":"https:\/\/katonareka.hu\/de\/#organization","name":"Dr. Katona R\u00e9ka \u00dcgyv\u00e9di Iroda","url":"https:\/\/katonareka.hu\/de\/","logo":{"@type":"ImageObject","inLanguage":"de","@id":"https:\/\/katonareka.hu\/de\/#\/schema\/logo\/image\/","url":"https:\/\/katonareka.hu\/wp-content\/uploads\/2022\/11\/logo_magyar_szines_2.png","contentUrl":"https:\/\/katonareka.hu\/wp-content\/uploads\/2022\/11\/logo_magyar_szines_2.png","width":540,"height":100,"caption":"Dr. Katona R\u00e9ka \u00dcgyv\u00e9di Iroda"},"image":{"@id":"https:\/\/katonareka.hu\/de\/#\/schema\/logo\/image\/"}}]}},"_links":{"self":[{"href":"https:\/\/katonareka.hu\/de\/wp-json\/wp\/v2\/pages\/611","targetHints":{"allow":["GET"]}}],"collection":[{"href":"https:\/\/katonareka.hu\/de\/wp-json\/wp\/v2\/pages"}],"about":[{"href":"https:\/\/katonareka.hu\/de\/wp-json\/wp\/v2\/types\/page"}],"author":[{"embeddable":true,"href":"https:\/\/katonareka.hu\/de\/wp-json\/wp\/v2\/users\/1"}],"replies":[{"embeddable":true,"href":"https:\/\/katonareka.hu\/de\/wp-json\/wp\/v2\/comments?post=611"}],"version-history":[{"count":27,"href":"https:\/\/katonareka.hu\/de\/wp-json\/wp\/v2\/pages\/611\/revisions"}],"predecessor-version":[{"id":1861,"href":"https:\/\/katonareka.hu\/de\/wp-json\/wp\/v2\/pages\/611\/revisions\/1861"}],"wp:featuredmedia":[{"embeddable":true,"href":"https:\/\/katonareka.hu\/de\/wp-json\/wp\/v2\/media\/1094"}],"wp:attachment":[{"href":"https:\/\/katonareka.hu\/de\/wp-json\/wp\/v2\/media?parent=611"}],"curies":[{"name":"wp","href":"https:\/\/api.w.org\/{rel}","templated":true}]}}