{"id":592,"date":"2022-10-30T13:40:05","date_gmt":"2022-10-30T12:40:05","guid":{"rendered":"https:\/\/katonareka.hu\/introduction\/"},"modified":"2023-10-27T07:47:58","modified_gmt":"2023-10-27T05:47:58","slug":"introduction","status":"publish","type":"page","link":"https:\/\/katonareka.hu\/en\/introduction\/","title":{"rendered":"Introduction"},"content":{"rendered":"\t\t<div data-elementor-type=\"wp-page\" data-elementor-id=\"592\" class=\"elementor elementor-592 elementor-313\" data-elementor-post-type=\"page\">\n\t\t\t\t<div class=\"elementor-element elementor-element-ecd700a e-flex e-con-boxed e-con e-parent\" data-id=\"ecd700a\" data-element_type=\"container\" data-e-type=\"container\">\n\t\t\t\t\t<div class=\"e-con-inner\">\n\t\t\t\t<div class=\"elementor-element elementor-element-669d0c4 elementor-widget__width-inherit elementor-widget elementor-widget-heading\" data-id=\"669d0c4\" data-element_type=\"widget\" data-e-type=\"widget\" data-widget_type=\"heading.default\">\n\t\t\t\t<div class=\"elementor-widget-container\">\n\t\t\t\t\t<h2 class=\"elementor-heading-title elementor-size-default\">Introduction<\/h2>\t\t\t\t<\/div>\n\t\t\t\t<\/div>\n\t\t<div class=\"elementor-element elementor-element-e0ff41e e-con-full e-flex e-con e-child\" data-id=\"e0ff41e\" data-element_type=\"container\" data-e-type=\"container\">\n\t\t\t\t<div class=\"elementor-element elementor-element-9942934 elementor-widget elementor-widget-image\" data-id=\"9942934\" data-element_type=\"widget\" data-e-type=\"widget\" data-widget_type=\"image.default\">\n\t\t\t\t<div class=\"elementor-widget-container\">\n\t\t\t\t\t\t\t\t\t\t\t\t\t\t\t<img fetchpriority=\"high\" decoding=\"async\" width=\"566\" height=\"1024\" src=\"https:\/\/katonareka.hu\/wp-content\/uploads\/2022\/11\/Bemutatkozom_menupontba2-566x1024.png\" class=\"attachment-large size-large wp-image-752\" alt=\"\" srcset=\"https:\/\/katonareka.hu\/wp-content\/uploads\/2022\/11\/Bemutatkozom_menupontba2-566x1024.png 566w, https:\/\/katonareka.hu\/wp-content\/uploads\/2022\/11\/Bemutatkozom_menupontba2-166x300.png 166w, https:\/\/katonareka.hu\/wp-content\/uploads\/2022\/11\/Bemutatkozom_menupontba2-768x1389.png 768w, https:\/\/katonareka.hu\/wp-content\/uploads\/2022\/11\/Bemutatkozom_menupontba2-849x1536.png 849w, https:\/\/katonareka.hu\/wp-content\/uploads\/2022\/11\/Bemutatkozom_menupontba2.png 901w\" sizes=\"(max-width: 566px) 100vw, 566px\" \/>\t\t\t\t\t\t\t\t\t\t\t\t\t\t\t<\/div>\n\t\t\t\t<\/div>\n\t\t\t\t<\/div>\n\t\t<div class=\"elementor-element elementor-element-7949a6b e-con-full e-flex e-con e-child\" data-id=\"7949a6b\" data-element_type=\"container\" data-e-type=\"container\">\n\t\t\t\t<div class=\"elementor-element elementor-element-3752b15 elementor-widget__width-inherit elementor-widget elementor-widget-heading\" data-id=\"3752b15\" data-element_type=\"widget\" data-e-type=\"widget\" data-widget_type=\"heading.default\">\n\t\t\t\t<div class=\"elementor-widget-container\">\n\t\t\t\t\t<h2 class=\"elementor-heading-title elementor-size-default\">I am dr. R\u00e9ka Katona,<\/h2>\t\t\t\t<\/div>\n\t\t\t\t<\/div>\n\t\t\t\t<div class=\"elementor-element elementor-element-61ec1da elementor-widget elementor-widget-text-editor\" data-id=\"61ec1da\" data-element_type=\"widget\" data-e-type=\"widget\" data-widget_type=\"text-editor.default\">\n\t\t\t\t<div class=\"elementor-widget-container\">\n\t\t\t\t\t\t\t\t\t<p>attorney-at-law, European and International Business Lawyer.<\/p>\n\t\t\t\t\t\t\t\t<\/div>\n\t\t\t\t<\/div>\n\t\t\t\t<div class=\"elementor-element elementor-element-adb3fb2 elementor-widget elementor-widget-text-editor\" data-id=\"adb3fb2\" data-element_type=\"widget\" data-e-type=\"widget\" data-widget_type=\"text-editor.default\">\n\t\t\t\t<div class=\"elementor-widget-container\">\n\t\t\t\t\t\t\t\t\t<p><span style=\"font-weight: 400;\">I completed my secondary school studies at the English-Hungarian bilingual class of Varga Katalin Secondary School in Szolnok. After graduation (2005) I continued my studies at the Faculty of Law of E\u00f6tv\u00f6s Lor\u00e1nd University Budapest, where I obtained a \u201ccum laude\u201d law degree in 2010. During the university years, in the framework of the Erasmus programme I had the opportunity to spend the academic year of 2008-2009 in W\u00fcrzburg, Germany,<\/span> <span style=\"font-weight: 400;\">at the Faculty of Law of the Bayerische Julius-Maximilians-Universit\u00e4t W\u00fcrzburg. I passed the Bar Exam in 2014, and then on the 27th of August 2014 I took the attorney-at-laws\u2019 oath, so since then I have been the member of the Budapest Bar Association. In the academic year of 2015-2016 I sat again in the lecture halls of ELTE Law and obtained a master law degree in the field of European and International Business Law. In 2016 the Hungarian Bar Association chose me among the Hungarian attorney-at-laws for representing them during a 6-weeks\u2019 hospitation programme in Germany, at a German law firm \u2013 so I was able to gain experience in this field as well.<\/span><\/p>\n\t\t\t\t\t\t\t\t<\/div>\n\t\t\t\t<\/div>\n\t\t\t\t<div class=\"elementor-element elementor-element-4c9ffc5 elementor-widget elementor-widget-text-editor\" data-id=\"4c9ffc5\" data-element_type=\"widget\" data-e-type=\"widget\" data-widget_type=\"text-editor.default\">\n\t\t\t\t<div class=\"elementor-widget-container\">\n\t\t\t\t\t\t\t\t\t<p>After the years spent as trainee lawyer and attorney-at-law at international law firms, I established my own Law Firm on the 2nd of September 2022.<\/p><p>During my studies, as a citizen of a small European country, I always kept in mind to learn more foreign languages\u200b\u200b. I have advanced language skills in both English and German, so my Law Firm can provide you with professional legal services in the field of Hungarian and EU Law in three languages.<\/p><p>With the digitization of litigious and non-litigious procedures, legal services have also sped up. I can confidently say that the adjective &#8220;future lawyer&#8221; fits me and my Law Firm perfectly, since I already belong to a generation that keeps up with digital development. That is why I am flexible: if you want to consult in person, the conference room of my Law Firm is waiting for you in the 5th District of Budapest, and if you would like legal advice or document editing online, sitting in front of your computer, we may also solve this via video conference and video identification procedure.<\/p><p>You can find a more detailed description of my professional career on my Linked In profile: <a href=\"https:\/\/hu.linkedin.com\/in\/reka-katona-dr\">https:\/\/hu.linkedin.com\/in\/reka-katona-dr<\/a><\/p>\t\t\t\t\t\t\t\t<\/div>\n\t\t\t\t<\/div>\n\t\t\t\t<\/div>\n\t\t\t\t<div class=\"elementor-element elementor-element-d562351 elementor-align-center elementor-widget elementor-widget-button\" data-id=\"d562351\" data-element_type=\"widget\" data-e-type=\"widget\" data-widget_type=\"button.default\">\n\t\t\t\t<div class=\"elementor-widget-container\">\n\t\t\t\t\t\t\t\t\t<div class=\"elementor-button-wrapper\">\n\t\t\t\t\t<a class=\"elementor-button elementor-button-link elementor-size-md\" href=\"https:\/\/katonareka.hu\/en\/contact\/\">\n\t\t\t\t\t\t<span class=\"elementor-button-content-wrapper\">\n\t\t\t\t\t\t\t\t\t<span class=\"elementor-button-text\">Contact<\/span>\n\t\t\t\t\t<\/span>\n\t\t\t\t\t<\/a>\n\t\t\t\t<\/div>\n\t\t\t\t\t\t\t\t<\/div>\n\t\t\t\t<\/div>\n\t\t\t\t\t<\/div>\n\t\t\t\t<\/div>\n\t\t<div class=\"elementor-element elementor-element-24c00a2 e-flex e-con-boxed e-con e-parent\" data-id=\"24c00a2\" data-element_type=\"container\" data-e-type=\"container\">\n\t\t\t\t\t<div class=\"e-con-inner\">\n\t\t<div class=\"elementor-element elementor-element-246f279 e-con-full e-flex e-con e-child\" data-id=\"246f279\" data-element_type=\"container\" data-e-type=\"container\">\n\t\t\t\t<div class=\"elementor-element elementor-element-b33ec87 elementor-widget-laptop__width-initial elementor-widget__width-inherit elementor-widget elementor-widget-text-editor\" data-id=\"b33ec87\" data-element_type=\"widget\" data-e-type=\"widget\" data-widget_type=\"text-editor.default\">\n\t\t\t\t<div class=\"elementor-widget-container\">\n\t\t\t\t\t\t\t\t\t<h2><strong>My co-operating partner,<\/strong><\/h2>\n<p>whom I work with to provide the highest quality service to our Clients and who is my substitute attorney as per Article 17 of Act LXXVIII of 2017 on Attorney-at-law Activities:<br><\/p>\n<h3><strong>Dr. M\u00e1ria M\u00e9sz\u00e1ros attorney-at-law<\/strong><\/h3>\n<h3><strong>Dr. M\u00e1ria M\u00e9sz\u00e1ros Law Firm<br><\/strong><\/h3>\t\t\t\t\t\t\t\t<\/div>\n\t\t\t\t<\/div>\n\t\t\t\t<div class=\"elementor-element elementor-element-37df681 elementor-widget-laptop__width-initial elementor-widget elementor-widget-text-editor\" data-id=\"37df681\" data-element_type=\"widget\" data-e-type=\"widget\" data-widget_type=\"text-editor.default\">\n\t\t\t\t<div class=\"elementor-widget-container\">\n\t\t\t\t\t\t\t\t\t<p>Spoken foreign language: English<\/p>\n<p>Main scope of expertise: Economic Criminal Law, Real Estate Law, Corporate Law, Debt collection, Probate matters, Litigation and out-of-court representation, Enforcement.<br><\/p>\t\t\t\t\t\t\t\t<\/div>\n\t\t\t\t<\/div>\n\t\t\t\t<div class=\"elementor-element elementor-element-efbac9a elementor-icon-list--layout-inline elementor-align-center elementor-widget-laptop__width-initial elementor-widget__width-inherit elementor-widget-mobile__width-initial elementor-list-item-link-full_width elementor-widget elementor-widget-icon-list\" data-id=\"efbac9a\" data-element_type=\"widget\" data-e-type=\"widget\" data-widget_type=\"icon-list.default\">\n\t\t\t\t<div class=\"elementor-widget-container\">\n\t\t\t\t\t\t\t<ul class=\"elementor-icon-list-items elementor-inline-items\">\n\t\t\t\t\t\t\t<li class=\"elementor-icon-list-item elementor-inline-item\">\n\t\t\t\t\t\t\t\t\t\t\t<span class=\"elementor-icon-list-icon\">\n\t\t\t\t\t\t\t<i aria-hidden=\"true\" class=\"fas fa-phone-alt\"><\/i>\t\t\t\t\t\t<\/span>\n\t\t\t\t\t\t\t\t\t\t<span class=\"elementor-icon-list-text\">+36 30 799 9553<\/span>\n\t\t\t\t\t\t\t\t\t<\/li>\n\t\t\t\t\t\t\t\t<li class=\"elementor-icon-list-item elementor-inline-item\">\n\t\t\t\t\t\t\t\t\t\t\t<a href=\"mailto:info@mmlegal.hu\">\n\n\t\t\t\t\t\t\t\t\t\t\t\t<span class=\"elementor-icon-list-icon\">\n\t\t\t\t\t\t\t<i aria-hidden=\"true\" class=\"fas fa-envelope\"><\/i>\t\t\t\t\t\t<\/span>\n\t\t\t\t\t\t\t\t\t\t<span class=\"elementor-icon-list-text\">info@mmlegal.hu<\/span>\n\t\t\t\t\t\t\t\t\t\t\t<\/a>\n\t\t\t\t\t\t\t\t\t<\/li>\n\t\t\t\t\t\t\t\t<li class=\"elementor-icon-list-item elementor-inline-item\">\n\t\t\t\t\t\t\t\t\t\t\t<a href=\"https:\/\/mmlegal.hu\/en\/\" target=\"_blank\">\n\n\t\t\t\t\t\t\t\t\t\t\t\t<span class=\"elementor-icon-list-icon\">\n\t\t\t\t\t\t\t<i aria-hidden=\"true\" class=\"fab fa-internet-explorer\"><\/i>\t\t\t\t\t\t<\/span>\n\t\t\t\t\t\t\t\t\t\t<span class=\"elementor-icon-list-text\">www.mmlegal.hu<\/span>\n\t\t\t\t\t\t\t\t\t\t\t<\/a>\n\t\t\t\t\t\t\t\t\t<\/li>\n\t\t\t\t\t\t\t\t<li class=\"elementor-icon-list-item elementor-inline-item\">\n\t\t\t\t\t\t\t\t\t\t\t<span class=\"elementor-icon-list-icon\">\n\t\t\t\t\t\t\t<i aria-hidden=\"true\" class=\"fas fa-map-marker-alt\"><\/i>\t\t\t\t\t\t<\/span>\n\t\t\t\t\t\t\t\t\t\t<span class=\"elementor-icon-list-text\">HU-1054 Budapest, Szemere Street 17. 1st floor, door no. 4.<\/span>\n\t\t\t\t\t\t\t\t\t<\/li>\n\t\t\t\t\t\t<\/ul>\n\t\t\t\t\t\t<\/div>\n\t\t\t\t<\/div>\n\t\t\t\t<\/div>\n\t\t<div class=\"elementor-element elementor-element-f02852f e-con-full e-flex e-con e-child\" data-id=\"f02852f\" data-element_type=\"container\" data-e-type=\"container\">\n\t\t\t\t<div class=\"elementor-element elementor-element-9464c35 elementor-widget elementor-widget-image\" data-id=\"9464c35\" data-element_type=\"widget\" data-e-type=\"widget\" data-widget_type=\"image.default\">\n\t\t\t\t<div class=\"elementor-widget-container\">\n\t\t\t\t\t\t\t\t\t\t\t\t\t\t\t\t<a href=\"https:\/\/mmlegal.hu\/en\/introduction\/\">\n\t\t\t\t\t\t\t<img decoding=\"async\" width=\"800\" height=\"533\" src=\"https:\/\/katonareka.hu\/wp-content\/uploads\/2023\/03\/MMLEGAL1-2-1024x682.jpg\" class=\"attachment-large size-large wp-image-1598\" alt=\"\" srcset=\"https:\/\/katonareka.hu\/wp-content\/uploads\/2023\/03\/MMLEGAL1-2-1024x682.jpg 1024w, https:\/\/katonareka.hu\/wp-content\/uploads\/2023\/03\/MMLEGAL1-2-300x200.jpg 300w, https:\/\/katonareka.hu\/wp-content\/uploads\/2023\/03\/MMLEGAL1-2-768x511.jpg 768w, https:\/\/katonareka.hu\/wp-content\/uploads\/2023\/03\/MMLEGAL1-2-1536x1022.jpg 1536w, https:\/\/katonareka.hu\/wp-content\/uploads\/2023\/03\/MMLEGAL1-2-2048x1363.jpg 2048w\" sizes=\"(max-width: 800px) 100vw, 800px\" \/>\t\t\t\t\t\t\t\t<\/a>\n\t\t\t\t\t\t\t\t\t\t\t\t\t\t\t<\/div>\n\t\t\t\t<\/div>\n\t\t\t\t<\/div>\n\t\t\t\t\t<\/div>\n\t\t\t\t<\/div>\n\t\t\t\t<\/div>\n\t\t","protected":false},"excerpt":{"rendered":"<p>Introduction I am dr. R\u00e9ka Katona, attorney-at-law, European and International Business Lawyer. I completed my secondary school studies at the English-Hungarian bilingual class of Varga Katalin Secondary School in Szolnok. After graduation (2005) I continued my studies at the Faculty of Law of E\u00f6tv\u00f6s Lor\u00e1nd University Budapest, where I obtained a \u201ccum laude\u201d law degree [&hellip;]<\/p>\n","protected":false},"author":1,"featured_media":1093,"parent":0,"menu_order":0,"comment_status":"closed","ping_status":"closed","template":"","meta":{"footnotes":""},"class_list":["post-592","page","type-page","status-publish","has-post-thumbnail","hentry"],"yoast_head":"<!-- This site is optimized with the Yoast SEO plugin v27.4 - https:\/\/yoast.com\/product\/yoast-seo-wordpress\/ -->\n<title>Introduction - Dr. Katona R\u00e9ka \u00dcgyv\u00e9di Iroda<\/title>\n<meta name=\"description\" content=\"I provide a helping hand in the field of Economic Law to Hungarian and foreign companies and individuals in legal disputes, lawsuits and day-to-day legal research and transactions, within a short period of time.\" \/>\n<meta name=\"robots\" content=\"index, follow, max-snippet:-1, max-image-preview:large, max-video-preview:-1\" \/>\n<link rel=\"canonical\" href=\"https:\/\/katonareka.hu\/en\/introduction\/\" \/>\n<meta property=\"og:locale\" content=\"en_US\" \/>\n<meta property=\"og:type\" content=\"article\" \/>\n<meta property=\"og:title\" content=\"Dr. Katona R\u00e9ka\" \/>\n<meta property=\"og:description\" content=\"Attorney-at-law, European and International Business Lawyer.\" \/>\n<meta property=\"og:url\" content=\"https:\/\/katonareka.hu\/en\/introduction\/\" \/>\n<meta property=\"og:site_name\" content=\"Dr. Katona R\u00e9ka \u00dcgyv\u00e9di Iroda\" \/>\n<meta property=\"article:modified_time\" content=\"2023-10-27T05:47:58+00:00\" \/>\n<meta property=\"og:image\" content=\"https:\/\/katonareka.hu\/wp-content\/uploads\/2022\/11\/reka_kiemelt-kep.png\" \/>\n<meta name=\"twitter:card\" content=\"summary_large_image\" \/>\n<meta name=\"twitter:label1\" content=\"Est. reading time\" \/>\n\t<meta name=\"twitter:data1\" content=\"3 minutes\" \/>\n<script type=\"application\/ld+json\" class=\"yoast-schema-graph\">{\"@context\":\"https:\\\/\\\/schema.org\",\"@graph\":[{\"@type\":\"WebPage\",\"@id\":\"https:\\\/\\\/katonareka.hu\\\/en\\\/introduction\\\/\",\"url\":\"https:\\\/\\\/katonareka.hu\\\/en\\\/introduction\\\/\",\"name\":\"Introduction - Dr. Katona R\u00e9ka \u00dcgyv\u00e9di Iroda\",\"isPartOf\":{\"@id\":\"https:\\\/\\\/katonareka.hu\\\/en\\\/#website\"},\"primaryImageOfPage\":{\"@id\":\"https:\\\/\\\/katonareka.hu\\\/en\\\/introduction\\\/#primaryimage\"},\"image\":{\"@id\":\"https:\\\/\\\/katonareka.hu\\\/en\\\/introduction\\\/#primaryimage\"},\"thumbnailUrl\":\"https:\\\/\\\/katonareka.hu\\\/wp-content\\\/uploads\\\/2022\\\/11\\\/reka_kiemelt-kep.png\",\"datePublished\":\"2022-10-30T12:40:05+00:00\",\"dateModified\":\"2023-10-27T05:47:58+00:00\",\"description\":\"I provide a helping hand in the field of Economic Law to Hungarian and foreign companies and individuals in legal disputes, lawsuits and day-to-day legal research and transactions, within a short period of time.\",\"breadcrumb\":{\"@id\":\"https:\\\/\\\/katonareka.hu\\\/en\\\/introduction\\\/#breadcrumb\"},\"inLanguage\":\"en-US\",\"potentialAction\":[{\"@type\":\"ReadAction\",\"target\":[\"https:\\\/\\\/katonareka.hu\\\/en\\\/introduction\\\/\"]}]},{\"@type\":\"ImageObject\",\"inLanguage\":\"en-US\",\"@id\":\"https:\\\/\\\/katonareka.hu\\\/en\\\/introduction\\\/#primaryimage\",\"url\":\"https:\\\/\\\/katonareka.hu\\\/wp-content\\\/uploads\\\/2022\\\/11\\\/reka_kiemelt-kep.png\",\"contentUrl\":\"https:\\\/\\\/katonareka.hu\\\/wp-content\\\/uploads\\\/2022\\\/11\\\/reka_kiemelt-kep.png\",\"width\":767,\"height\":401},{\"@type\":\"BreadcrumbList\",\"@id\":\"https:\\\/\\\/katonareka.hu\\\/en\\\/introduction\\\/#breadcrumb\",\"itemListElement\":[{\"@type\":\"ListItem\",\"position\":1,\"name\":\"Kezd\u0151lap\",\"item\":\"https:\\\/\\\/katonareka.hu\\\/en\\\/\"},{\"@type\":\"ListItem\",\"position\":2,\"name\":\"Introduction\"}]},{\"@type\":\"WebSite\",\"@id\":\"https:\\\/\\\/katonareka.hu\\\/en\\\/#website\",\"url\":\"https:\\\/\\\/katonareka.hu\\\/en\\\/\",\"name\":\"Dr. Katona R\u00e9ka \u00dcgyv\u00e9di Iroda\",\"description\":\"Dr. Katona R\u00e9ka \u00fcgyv\u00e9d\",\"publisher\":{\"@id\":\"https:\\\/\\\/katonareka.hu\\\/en\\\/#organization\"},\"potentialAction\":[{\"@type\":\"SearchAction\",\"target\":{\"@type\":\"EntryPoint\",\"urlTemplate\":\"https:\\\/\\\/katonareka.hu\\\/en\\\/?s={search_term_string}\"},\"query-input\":{\"@type\":\"PropertyValueSpecification\",\"valueRequired\":true,\"valueName\":\"search_term_string\"}}],\"inLanguage\":\"en-US\"},{\"@type\":\"Organization\",\"@id\":\"https:\\\/\\\/katonareka.hu\\\/en\\\/#organization\",\"name\":\"Dr. Katona R\u00e9ka \u00dcgyv\u00e9di Iroda\",\"url\":\"https:\\\/\\\/katonareka.hu\\\/en\\\/\",\"logo\":{\"@type\":\"ImageObject\",\"inLanguage\":\"en-US\",\"@id\":\"https:\\\/\\\/katonareka.hu\\\/en\\\/#\\\/schema\\\/logo\\\/image\\\/\",\"url\":\"https:\\\/\\\/katonareka.hu\\\/wp-content\\\/uploads\\\/2022\\\/11\\\/logo_magyar_szines_2.png\",\"contentUrl\":\"https:\\\/\\\/katonareka.hu\\\/wp-content\\\/uploads\\\/2022\\\/11\\\/logo_magyar_szines_2.png\",\"width\":540,\"height\":100,\"caption\":\"Dr. Katona R\u00e9ka \u00dcgyv\u00e9di Iroda\"},\"image\":{\"@id\":\"https:\\\/\\\/katonareka.hu\\\/en\\\/#\\\/schema\\\/logo\\\/image\\\/\"}}]}<\/script>\n<!-- \/ Yoast SEO plugin. -->","yoast_head_json":{"title":"Introduction - Dr. Katona R\u00e9ka \u00dcgyv\u00e9di Iroda","description":"I provide a helping hand in the field of Economic Law to Hungarian and foreign companies and individuals in legal disputes, lawsuits and day-to-day legal research and transactions, within a short period of time.","robots":{"index":"index","follow":"follow","max-snippet":"max-snippet:-1","max-image-preview":"max-image-preview:large","max-video-preview":"max-video-preview:-1"},"canonical":"https:\/\/katonareka.hu\/en\/introduction\/","og_locale":"en_US","og_type":"article","og_title":"Dr. Katona R\u00e9ka","og_description":"Attorney-at-law, European and International Business Lawyer.","og_url":"https:\/\/katonareka.hu\/en\/introduction\/","og_site_name":"Dr. Katona R\u00e9ka \u00dcgyv\u00e9di Iroda","article_modified_time":"2023-10-27T05:47:58+00:00","og_image":[{"url":"https:\/\/katonareka.hu\/wp-content\/uploads\/2022\/11\/reka_kiemelt-kep.png","type":"","width":"","height":""}],"twitter_card":"summary_large_image","twitter_misc":{"Est. reading time":"3 minutes"},"schema":{"@context":"https:\/\/schema.org","@graph":[{"@type":"WebPage","@id":"https:\/\/katonareka.hu\/en\/introduction\/","url":"https:\/\/katonareka.hu\/en\/introduction\/","name":"Introduction - Dr. Katona R\u00e9ka \u00dcgyv\u00e9di Iroda","isPartOf":{"@id":"https:\/\/katonareka.hu\/en\/#website"},"primaryImageOfPage":{"@id":"https:\/\/katonareka.hu\/en\/introduction\/#primaryimage"},"image":{"@id":"https:\/\/katonareka.hu\/en\/introduction\/#primaryimage"},"thumbnailUrl":"https:\/\/katonareka.hu\/wp-content\/uploads\/2022\/11\/reka_kiemelt-kep.png","datePublished":"2022-10-30T12:40:05+00:00","dateModified":"2023-10-27T05:47:58+00:00","description":"I provide a helping hand in the field of Economic Law to Hungarian and foreign companies and individuals in legal disputes, lawsuits and day-to-day legal research and transactions, within a short period of time.","breadcrumb":{"@id":"https:\/\/katonareka.hu\/en\/introduction\/#breadcrumb"},"inLanguage":"en-US","potentialAction":[{"@type":"ReadAction","target":["https:\/\/katonareka.hu\/en\/introduction\/"]}]},{"@type":"ImageObject","inLanguage":"en-US","@id":"https:\/\/katonareka.hu\/en\/introduction\/#primaryimage","url":"https:\/\/katonareka.hu\/wp-content\/uploads\/2022\/11\/reka_kiemelt-kep.png","contentUrl":"https:\/\/katonareka.hu\/wp-content\/uploads\/2022\/11\/reka_kiemelt-kep.png","width":767,"height":401},{"@type":"BreadcrumbList","@id":"https:\/\/katonareka.hu\/en\/introduction\/#breadcrumb","itemListElement":[{"@type":"ListItem","position":1,"name":"Kezd\u0151lap","item":"https:\/\/katonareka.hu\/en\/"},{"@type":"ListItem","position":2,"name":"Introduction"}]},{"@type":"WebSite","@id":"https:\/\/katonareka.hu\/en\/#website","url":"https:\/\/katonareka.hu\/en\/","name":"Dr. Katona R\u00e9ka \u00dcgyv\u00e9di Iroda","description":"Dr. Katona R\u00e9ka \u00fcgyv\u00e9d","publisher":{"@id":"https:\/\/katonareka.hu\/en\/#organization"},"potentialAction":[{"@type":"SearchAction","target":{"@type":"EntryPoint","urlTemplate":"https:\/\/katonareka.hu\/en\/?s={search_term_string}"},"query-input":{"@type":"PropertyValueSpecification","valueRequired":true,"valueName":"search_term_string"}}],"inLanguage":"en-US"},{"@type":"Organization","@id":"https:\/\/katonareka.hu\/en\/#organization","name":"Dr. Katona R\u00e9ka \u00dcgyv\u00e9di Iroda","url":"https:\/\/katonareka.hu\/en\/","logo":{"@type":"ImageObject","inLanguage":"en-US","@id":"https:\/\/katonareka.hu\/en\/#\/schema\/logo\/image\/","url":"https:\/\/katonareka.hu\/wp-content\/uploads\/2022\/11\/logo_magyar_szines_2.png","contentUrl":"https:\/\/katonareka.hu\/wp-content\/uploads\/2022\/11\/logo_magyar_szines_2.png","width":540,"height":100,"caption":"Dr. Katona R\u00e9ka \u00dcgyv\u00e9di Iroda"},"image":{"@id":"https:\/\/katonareka.hu\/en\/#\/schema\/logo\/image\/"}}]}},"_links":{"self":[{"href":"https:\/\/katonareka.hu\/en\/wp-json\/wp\/v2\/pages\/592","targetHints":{"allow":["GET"]}}],"collection":[{"href":"https:\/\/katonareka.hu\/en\/wp-json\/wp\/v2\/pages"}],"about":[{"href":"https:\/\/katonareka.hu\/en\/wp-json\/wp\/v2\/types\/page"}],"author":[{"embeddable":true,"href":"https:\/\/katonareka.hu\/en\/wp-json\/wp\/v2\/users\/1"}],"replies":[{"embeddable":true,"href":"https:\/\/katonareka.hu\/en\/wp-json\/wp\/v2\/comments?post=592"}],"version-history":[{"count":51,"href":"https:\/\/katonareka.hu\/en\/wp-json\/wp\/v2\/pages\/592\/revisions"}],"predecessor-version":[{"id":1864,"href":"https:\/\/katonareka.hu\/en\/wp-json\/wp\/v2\/pages\/592\/revisions\/1864"}],"wp:featuredmedia":[{"embeddable":true,"href":"https:\/\/katonareka.hu\/en\/wp-json\/wp\/v2\/media\/1093"}],"wp:attachment":[{"href":"https:\/\/katonareka.hu\/en\/wp-json\/wp\/v2\/media?parent=592"}],"curies":[{"name":"wp","href":"https:\/\/api.w.org\/{rel}","templated":true}]}}